{"id":2483,"date":"2022-02-21T10:55:06","date_gmt":"2022-02-21T09:55:06","guid":{"rendered":"https:\/\/smeding.nl\/certyfikaty\/"},"modified":"2025-11-18T13:08:38","modified_gmt":"2025-11-18T12:08:38","slug":"certyfikaty","status":"publish","type":"page","link":"https:\/\/smeding.nl\/pl\/o-firmie-smeding\/certyfikaty\/","title":{"rendered":"Certyfikaty"},"content":{"rendered":"\t\t<div data-elementor-type=\"wp-page\" data-elementor-id=\"2483\" class=\"elementor elementor-2483 elementor-85\" data-elementor-post-type=\"page\">\n\t\t\t\t\t\t<section class=\"elementor-section elementor-top-section elementor-element elementor-element-c49b09d elementor-section-boxed elementor-section-height-default elementor-section-height-default\" data-id=\"c49b09d\" data-element_type=\"section\" data-e-type=\"section\" data-settings=\"{&quot;jet_parallax_layout_list&quot;:[]}\">\n\t\t\t\t\t\t<div class=\"elementor-container elementor-column-gap-default\">\n\t\t\t\t\t<div class=\"elementor-column elementor-col-100 elementor-top-column elementor-element elementor-element-6f8c4b5\" data-id=\"6f8c4b5\" data-element_type=\"column\" data-e-type=\"column\" data-settings=\"{&quot;background_background&quot;:&quot;classic&quot;}\">\n\t\t\t<div class=\"elementor-widget-wrap elementor-element-populated\">\n\t\t\t\t\t\t<div class=\"elementor-element elementor-element-bcbe6c1 elementor-widget elementor-widget-heading\" data-id=\"bcbe6c1\" data-element_type=\"widget\" data-e-type=\"widget\" data-widget_type=\"heading.default\">\n\t\t\t\t<div class=\"elementor-widget-container\">\n\t\t\t\t\t<h3 class=\"elementor-heading-title elementor-size-default\">O firmie Smeding<\/h3>\t\t\t\t<\/div>\n\t\t\t\t<\/div>\n\t\t\t\t<div class=\"elementor-element elementor-element-258f2a2 elementor-widget elementor-widget-heading\" data-id=\"258f2a2\" data-element_type=\"widget\" data-e-type=\"widget\" data-widget_type=\"heading.default\">\n\t\t\t\t<div class=\"elementor-widget-container\">\n\t\t\t\t\t<h1 class=\"elementor-heading-title elementor-size-default\">Certyfikaty<\/h1>\t\t\t\t<\/div>\n\t\t\t\t<\/div>\n\t\t\t\t<div class=\"elementor-element elementor-element-f672980 elementor-widget elementor-widget-heading\" data-id=\"f672980\" data-element_type=\"widget\" data-e-type=\"widget\" data-widget_type=\"heading.default\">\n\t\t\t\t<div class=\"elementor-widget-container\">\n\t\t\t\t\t<h4 class=\"elementor-heading-title elementor-size-default\">Ka\u017cdego dnia upewniamy si\u0119, \u017ce klient otrzymuje to, czego potrzebuje. Mo\u017cemy polega\u0107 na naszych producentach i pracownikach, a zatem klient mo\u017ce polega\u0107 na Smeding Groenten en Fruit. \u015aci\u015ble wybieramy naszych producent\u00f3w i dostawc\u00f3w; wsp\u00f3\u0142pracujemy z nimi tylko wtedy, gdy posiadaj\u0105 certyfikaty uznane przez GFSI. Te r\u00f3\u017cne certyfikaty gwarantuj\u0105 jako\u015b\u0107 naszych produkt\u00f3w, us\u0142ug, operacji i proces\u00f3w.   <\/h4>\t\t\t\t<\/div>\n\t\t\t\t<\/div>\n\t\t\t\t\t<\/div>\n\t\t<\/div>\n\t\t\t\t\t<\/div>\n\t\t<\/section>\n\t\t\t\t<section class=\"elementor-section elementor-top-section elementor-element elementor-element-ad7c0eb elementor-section-content-middle elementor-section-boxed elementor-section-height-default elementor-section-height-default\" data-id=\"ad7c0eb\" data-element_type=\"section\" data-e-type=\"section\" data-settings=\"{&quot;jet_parallax_layout_list&quot;:[]}\">\n\t\t\t\t\t\t<div class=\"elementor-container elementor-column-gap-default\">\n\t\t\t\t\t<div class=\"elementor-column elementor-col-50 elementor-top-column elementor-element elementor-element-bee1f88\" data-id=\"bee1f88\" data-element_type=\"column\" data-e-type=\"column\">\n\t\t\t<div class=\"elementor-widget-wrap elementor-element-populated\">\n\t\t\t\t\t\t<div class=\"elementor-element elementor-element-373880d elementor-widget elementor-widget-heading\" data-id=\"373880d\" data-element_type=\"widget\" data-e-type=\"widget\" data-widget_type=\"heading.default\">\n\t\t\t\t<div class=\"elementor-widget-container\">\n\t\t\t\t\t<h2 class=\"elementor-heading-title elementor-size-default\">Skal<\/h2>\t\t\t\t<\/div>\n\t\t\t\t<\/div>\n\t\t\t\t<div class=\"elementor-element elementor-element-c1e49bb elementor-widget elementor-widget-text-editor\" data-id=\"c1e49bb\" data-element_type=\"widget\" data-e-type=\"widget\" data-widget_type=\"text-editor.default\">\n\t\t\t\t<div class=\"elementor-widget-container\">\n\t\t\t\t\t\t\t\t\t<p>Smeding posiada certyfikat Skal. Certyfikat ten umo\u017cliwia nam przechowywanie i dystrybucj\u0119 ekologicznych owoc\u00f3w i warzyw. Jako organ nadzorczy, Skal jest zobowi\u0105zany do wykazania wiarygodno\u015bci produkt\u00f3w ekologicznych w Holandii. Produkt rolny lub \u015brodek spo\u017cywczy mo\u017cna nazwa\u0107 ekologicznym tylko wtedy, gdy proces produkcji spe\u0142nia wymogi prawne. <a href=\"https:\/\/smeding.nl\/wp-content\/uploads\/2025\/10\/NL-BIO-01.528-0007190.2025.003.pdf\" target=\"_blank\" rel=\"noopener\">Certyfikat Skal<\/a> od Smeding daje pewno\u015b\u0107, \u017ce produkt ekologiczny jest naprawd\u0119 ekologiczny!    <\/p>\t\t\t\t\t\t\t\t<\/div>\n\t\t\t\t<\/div>\n\t\t\t\t<div class=\"elementor-element elementor-element-19a238f elementor-widget elementor-widget-image\" data-id=\"19a238f\" data-element_type=\"widget\" data-e-type=\"widget\" data-widget_type=\"image.default\">\n\t\t\t\t<div class=\"elementor-widget-container\">\n\t\t\t\t\t\t\t\t\t\t\t\t\t\t\t<img fetchpriority=\"high\" decoding=\"async\" width=\"800\" height=\"800\" src=\"https:\/\/smeding.nl\/wp-content\/uploads\/2022\/02\/keurmerk-skal.jpg\" class=\"attachment-full size-full wp-image-2251\" alt=\"\" srcset=\"https:\/\/smeding.nl\/wp-content\/uploads\/2022\/02\/keurmerk-skal.jpg 800w, https:\/\/smeding.nl\/wp-content\/uploads\/2022\/02\/keurmerk-skal-300x300.jpg 300w, https:\/\/smeding.nl\/wp-content\/uploads\/2022\/02\/keurmerk-skal-150x150.jpg 150w, https:\/\/smeding.nl\/wp-content\/uploads\/2022\/02\/keurmerk-skal-768x768.jpg 768w\" sizes=\"(max-width: 800px) 100vw, 800px\" \/>\t\t\t\t\t\t\t\t\t\t\t\t\t\t\t<\/div>\n\t\t\t\t<\/div>\n\t\t\t\t\t<\/div>\n\t\t<\/div>\n\t\t\t\t<div class=\"elementor-column elementor-col-50 elementor-top-column elementor-element elementor-element-177c0f3\" data-id=\"177c0f3\" data-element_type=\"column\" data-e-type=\"column\">\n\t\t\t<div class=\"elementor-widget-wrap elementor-element-populated\">\n\t\t\t\t\t\t<div class=\"elementor-element elementor-element-38cf6b3 elementor-widget elementor-widget-image\" data-id=\"38cf6b3\" data-element_type=\"widget\" data-e-type=\"widget\" data-widget_type=\"image.default\">\n\t\t\t\t<div class=\"elementor-widget-container\">\n\t\t\t\t\t\t\t\t\t\t\t\t\t\t\t<img decoding=\"async\" width=\"1440\" height=\"961\" src=\"https:\/\/smeding.nl\/wp-content\/uploads\/2022\/03\/wortels.jpg\" class=\"attachment-full size-full wp-image-2307\" alt=\"\" srcset=\"https:\/\/smeding.nl\/wp-content\/uploads\/2022\/03\/wortels.jpg 1440w, https:\/\/smeding.nl\/wp-content\/uploads\/2022\/03\/wortels-300x200.jpg 300w, https:\/\/smeding.nl\/wp-content\/uploads\/2022\/03\/wortels-1024x683.jpg 1024w, https:\/\/smeding.nl\/wp-content\/uploads\/2022\/03\/wortels-768x513.jpg 768w\" sizes=\"(max-width: 1440px) 100vw, 1440px\" \/>\t\t\t\t\t\t\t\t\t\t\t\t\t\t\t<\/div>\n\t\t\t\t<\/div>\n\t\t\t\t\t<\/div>\n\t\t<\/div>\n\t\t\t\t\t<\/div>\n\t\t<\/section>\n\t\t\t\t<section class=\"elementor-section elementor-top-section elementor-element elementor-element-6655632 elementor-section-content-middle elementor-reverse-mobile elementor-section-boxed elementor-section-height-default elementor-section-height-default\" data-id=\"6655632\" data-element_type=\"section\" data-e-type=\"section\" data-settings=\"{&quot;jet_parallax_layout_list&quot;:[]}\">\n\t\t\t\t\t\t<div class=\"elementor-container elementor-column-gap-default\">\n\t\t\t\t\t<div class=\"elementor-column elementor-col-50 elementor-top-column elementor-element elementor-element-2eda01c\" data-id=\"2eda01c\" data-element_type=\"column\" data-e-type=\"column\">\n\t\t\t<div class=\"elementor-widget-wrap elementor-element-populated\">\n\t\t\t\t\t\t<div class=\"elementor-element elementor-element-53a7a04 elementor-widget elementor-widget-image\" data-id=\"53a7a04\" data-element_type=\"widget\" data-e-type=\"widget\" data-widget_type=\"image.default\">\n\t\t\t\t<div class=\"elementor-widget-container\">\n\t\t\t\t\t\t\t\t\t\t\t\t\t\t\t<img decoding=\"async\" width=\"800\" height=\"534\" src=\"https:\/\/smeding.nl\/wp-content\/uploads\/2022\/03\/distributie-1024x683.jpg\" class=\"attachment-large size-large wp-image-2311\" alt=\"\" srcset=\"https:\/\/smeding.nl\/wp-content\/uploads\/2022\/03\/distributie-1024x683.jpg 1024w, https:\/\/smeding.nl\/wp-content\/uploads\/2022\/03\/distributie-300x200.jpg 300w, https:\/\/smeding.nl\/wp-content\/uploads\/2022\/03\/distributie-768x513.jpg 768w, https:\/\/smeding.nl\/wp-content\/uploads\/2022\/03\/distributie.jpg 1440w\" sizes=\"(max-width: 800px) 100vw, 800px\" \/>\t\t\t\t\t\t\t\t\t\t\t\t\t\t\t<\/div>\n\t\t\t\t<\/div>\n\t\t\t\t\t<\/div>\n\t\t<\/div>\n\t\t\t\t<div class=\"elementor-column elementor-col-50 elementor-top-column elementor-element elementor-element-3591eeb\" data-id=\"3591eeb\" data-element_type=\"column\" data-e-type=\"column\">\n\t\t\t<div class=\"elementor-widget-wrap elementor-element-populated\">\n\t\t\t\t\t\t<div class=\"elementor-element elementor-element-493a009 elementor-widget elementor-widget-heading\" data-id=\"493a009\" data-element_type=\"widget\" data-e-type=\"widget\" data-widget_type=\"heading.default\">\n\t\t\t\t<div class=\"elementor-widget-container\">\n\t\t\t\t\t<h2 class=\"elementor-heading-title elementor-size-default\">BRC S&amp;D<\/h2>\t\t\t\t<\/div>\n\t\t\t\t<\/div>\n\t\t\t\t<div class=\"elementor-element elementor-element-5bfab22 elementor-widget elementor-widget-text-editor\" data-id=\"5bfab22\" data-element_type=\"widget\" data-e-type=\"widget\" data-widget_type=\"text-editor.default\">\n\t\t\t\t<div class=\"elementor-widget-container\">\n\t\t\t\t\t\t\t\t\t<p>Certyfikat BRC S&amp;D (przechowywanie i dystrybucja) dotyczy firm zajmuj\u0105cych si\u0119 przechowywaniem i dystrybucj\u0105 produkt\u00f3w spo\u017cywczych. Certyfikat ten ma na celu zapewnienie, \u017ce otrzymujemy owoce i warzywa odpowiedniej jako\u015bci i w odpowiednich warunkach. I \u017ce utrzymujemy jako\u015b\u0107 i warunki do momentu dostawy do klienta. Certyfikat BRC S&amp;D pokazuje, \u017ce Smeding spe\u0142nia te warunki.   <\/p><p><a href=\"https:\/\/smeding.nl\/wp-content\/uploads\/2025\/02\/PDF-2025-RC-C523713-BRC.pdf\" target=\"_blank\" rel=\"noopener\">Certyfikat Breda <\/a> <br><a href=\"https:\/\/smeding.nl\/wp-content\/uploads\/2025\/06\/STAP-BRC-SD-20250612-geldig-tot-10-08-2026.pdf\" target=\"_blank\" rel=\"noopener\">Certyfikat Sint Annaparochie<\/a><br><a href=\"https:\/\/smeding.nl\/wp-content\/uploads\/2025\/11\/BRC-SD-certificaat-Smeding-De-Wissel-7-geldig-tot-1-1-2027.pdf\" target=\"_blank\" rel=\"noopener\">Wymiana certyfikat\u00f3w 7<\/a><\/p>\t\t\t\t\t\t\t\t<\/div>\n\t\t\t\t<\/div>\n\t\t\t\t<div class=\"elementor-element elementor-element-79fbc47 elementor-widget elementor-widget-image\" data-id=\"79fbc47\" data-element_type=\"widget\" data-e-type=\"widget\" data-widget_type=\"image.default\">\n\t\t\t\t<div class=\"elementor-widget-container\">\n\t\t\t\t\t\t\t\t\t\t\t\t\t\t\t<img loading=\"lazy\" decoding=\"async\" width=\"800\" height=\"800\" src=\"https:\/\/smeding.nl\/wp-content\/uploads\/2022\/02\/keurmerk-brc.jpg\" class=\"attachment-full size-full wp-image-2239\" alt=\"\" srcset=\"https:\/\/smeding.nl\/wp-content\/uploads\/2022\/02\/keurmerk-brc.jpg 800w, https:\/\/smeding.nl\/wp-content\/uploads\/2022\/02\/keurmerk-brc-300x300.jpg 300w, https:\/\/smeding.nl\/wp-content\/uploads\/2022\/02\/keurmerk-brc-150x150.jpg 150w, https:\/\/smeding.nl\/wp-content\/uploads\/2022\/02\/keurmerk-brc-768x768.jpg 768w\" sizes=\"(max-width: 800px) 100vw, 800px\" \/>\t\t\t\t\t\t\t\t\t\t\t\t\t\t\t<\/div>\n\t\t\t\t<\/div>\n\t\t\t\t\t<\/div>\n\t\t<\/div>\n\t\t\t\t\t<\/div>\n\t\t<\/section>\n\t\t\t\t<section class=\"elementor-section elementor-top-section elementor-element elementor-element-22fbcf3 elementor-section-content-middle elementor-section-boxed elementor-section-height-default elementor-section-height-default\" data-id=\"22fbcf3\" data-element_type=\"section\" data-e-type=\"section\" data-settings=\"{&quot;jet_parallax_layout_list&quot;:[]}\">\n\t\t\t\t\t\t<div class=\"elementor-container elementor-column-gap-default\">\n\t\t\t\t\t<div class=\"elementor-column elementor-col-50 elementor-top-column elementor-element elementor-element-392d6da\" data-id=\"392d6da\" data-element_type=\"column\" data-e-type=\"column\">\n\t\t\t<div class=\"elementor-widget-wrap elementor-element-populated\">\n\t\t\t\t\t\t<div class=\"elementor-element elementor-element-ec77104 elementor-widget elementor-widget-heading\" data-id=\"ec77104\" data-element_type=\"widget\" data-e-type=\"widget\" data-widget_type=\"heading.default\">\n\t\t\t\t<div class=\"elementor-widget-container\">\n\t\t\t\t\t<h2 class=\"elementor-heading-title elementor-size-default\">Fairtrade<\/h2>\t\t\t\t<\/div>\n\t\t\t\t<\/div>\n\t\t\t\t<div class=\"elementor-element elementor-element-c4d5696 elementor-widget elementor-widget-text-editor\" data-id=\"c4d5696\" data-element_type=\"widget\" data-e-type=\"widget\" data-widget_type=\"text-editor.default\">\n\t\t\t\t<div class=\"elementor-widget-container\">\n\t\t\t\t\t\t\t\t\t<p>Smeding posiada certyfikat Fairtrade, kt\u00f3ry potwierdza, \u017ce handlujemy na warunkach Fairtrade. Fairtrade ma na celu promowanie zr\u00f3wnowa\u017conego rozwoju i zmniejszenie ub\u00f3stwa poprzez bardziej sprawiedliwy handel. Zobacz certyfikat Fairtrade <a href=\"https:\/\/smeding.nl\/wp-content\/uploads\/2024\/04\/Fairtrade-Smeding-CERT_Certificate-41013-tm-20-04-2029.pdf\" target=\"_blank\" rel=\"noopener\">tutaj<\/a>.  <\/p>\t\t\t\t\t\t\t\t<\/div>\n\t\t\t\t<\/div>\n\t\t\t\t<div class=\"elementor-element elementor-element-b6c94ee elementor-widget elementor-widget-image\" data-id=\"b6c94ee\" data-element_type=\"widget\" data-e-type=\"widget\" data-widget_type=\"image.default\">\n\t\t\t\t<div class=\"elementor-widget-container\">\n\t\t\t\t\t\t\t\t\t\t\t\t\t\t\t<img loading=\"lazy\" decoding=\"async\" width=\"800\" height=\"800\" src=\"https:\/\/smeding.nl\/wp-content\/uploads\/2022\/02\/keurmerk-fairtrade.jpg\" class=\"attachment-full size-full wp-image-2243\" alt=\"\" srcset=\"https:\/\/smeding.nl\/wp-content\/uploads\/2022\/02\/keurmerk-fairtrade.jpg 800w, https:\/\/smeding.nl\/wp-content\/uploads\/2022\/02\/keurmerk-fairtrade-300x300.jpg 300w, https:\/\/smeding.nl\/wp-content\/uploads\/2022\/02\/keurmerk-fairtrade-150x150.jpg 150w, https:\/\/smeding.nl\/wp-content\/uploads\/2022\/02\/keurmerk-fairtrade-768x768.jpg 768w\" sizes=\"(max-width: 800px) 100vw, 800px\" \/>\t\t\t\t\t\t\t\t\t\t\t\t\t\t\t<\/div>\n\t\t\t\t<\/div>\n\t\t\t\t\t<\/div>\n\t\t<\/div>\n\t\t\t\t<div class=\"elementor-column elementor-col-50 elementor-top-column elementor-element elementor-element-0153f56\" data-id=\"0153f56\" data-element_type=\"column\" data-e-type=\"column\">\n\t\t\t<div class=\"elementor-widget-wrap elementor-element-populated\">\n\t\t\t\t\t\t<div class=\"elementor-element elementor-element-852fcec elementor-widget elementor-widget-image\" data-id=\"852fcec\" data-element_type=\"widget\" data-e-type=\"widget\" data-widget_type=\"image.default\">\n\t\t\t\t<div class=\"elementor-widget-container\">\n\t\t\t\t\t\t\t\t\t\t\t\t\t\t\t<img loading=\"lazy\" decoding=\"async\" width=\"800\" height=\"534\" src=\"https:\/\/smeding.nl\/wp-content\/uploads\/2022\/02\/Mijnboer-teler-Coeur-de-Boeuf2.jpg\" class=\"attachment-full size-full wp-image-2019\" alt=\"\" srcset=\"https:\/\/smeding.nl\/wp-content\/uploads\/2022\/02\/Mijnboer-teler-Coeur-de-Boeuf2.jpg 800w, https:\/\/smeding.nl\/wp-content\/uploads\/2022\/02\/Mijnboer-teler-Coeur-de-Boeuf2-300x200.jpg 300w, https:\/\/smeding.nl\/wp-content\/uploads\/2022\/02\/Mijnboer-teler-Coeur-de-Boeuf2-768x513.jpg 768w\" sizes=\"(max-width: 800px) 100vw, 800px\" \/>\t\t\t\t\t\t\t\t\t\t\t\t\t\t\t<\/div>\n\t\t\t\t<\/div>\n\t\t\t\t\t<\/div>\n\t\t<\/div>\n\t\t\t\t\t<\/div>\n\t\t<\/section>\n\t\t\t\t<section class=\"elementor-section elementor-top-section elementor-element elementor-element-4d6fbfc elementor-section-content-middle elementor-reverse-mobile elementor-section-boxed elementor-section-height-default elementor-section-height-default\" data-id=\"4d6fbfc\" data-element_type=\"section\" data-e-type=\"section\" data-settings=\"{&quot;jet_parallax_layout_list&quot;:[]}\">\n\t\t\t\t\t\t<div class=\"elementor-container elementor-column-gap-default\">\n\t\t\t\t\t<div class=\"elementor-column elementor-col-50 elementor-top-column elementor-element elementor-element-21d6984\" data-id=\"21d6984\" data-element_type=\"column\" data-e-type=\"column\">\n\t\t\t<div class=\"elementor-widget-wrap elementor-element-populated\">\n\t\t\t\t\t\t<div class=\"elementor-element elementor-element-aa94df8 elementor-widget elementor-widget-image\" data-id=\"aa94df8\" data-element_type=\"widget\" data-e-type=\"widget\" data-widget_type=\"image.default\">\n\t\t\t\t<div class=\"elementor-widget-container\">\n\t\t\t\t\t\t\t\t\t\t\t\t\t\t\t<img loading=\"lazy\" decoding=\"async\" width=\"1920\" height=\"1275\" src=\"https:\/\/smeding.nl\/wp-content\/uploads\/2022\/02\/smeding-kam-smaaktest.jpg\" class=\"attachment-full size-full wp-image-2131\" alt=\"\" srcset=\"https:\/\/smeding.nl\/wp-content\/uploads\/2022\/02\/smeding-kam-smaaktest.jpg 1920w, https:\/\/smeding.nl\/wp-content\/uploads\/2022\/02\/smeding-kam-smaaktest-300x199.jpg 300w, https:\/\/smeding.nl\/wp-content\/uploads\/2022\/02\/smeding-kam-smaaktest-1024x680.jpg 1024w, https:\/\/smeding.nl\/wp-content\/uploads\/2022\/02\/smeding-kam-smaaktest-768x510.jpg 768w, https:\/\/smeding.nl\/wp-content\/uploads\/2022\/02\/smeding-kam-smaaktest-1536x1020.jpg 1536w\" sizes=\"(max-width: 1920px) 100vw, 1920px\" \/>\t\t\t\t\t\t\t\t\t\t\t\t\t\t\t<\/div>\n\t\t\t\t<\/div>\n\t\t\t\t\t<\/div>\n\t\t<\/div>\n\t\t\t\t<div class=\"elementor-column elementor-col-50 elementor-top-column elementor-element elementor-element-e93ef5a\" data-id=\"e93ef5a\" data-element_type=\"column\" data-e-type=\"column\">\n\t\t\t<div class=\"elementor-widget-wrap elementor-element-populated\">\n\t\t\t\t\t\t<div class=\"elementor-element elementor-element-766c6aa elementor-widget elementor-widget-heading\" data-id=\"766c6aa\" data-element_type=\"widget\" data-e-type=\"widget\" data-widget_type=\"heading.default\">\n\t\t\t\t<div class=\"elementor-widget-container\">\n\t\t\t\t\t<h2 class=\"elementor-heading-title elementor-size-default\">RIK<\/h2>\t\t\t\t<\/div>\n\t\t\t\t<\/div>\n\t\t\t\t<div class=\"elementor-element elementor-element-b7c5122 elementor-widget elementor-widget-text-editor\" data-id=\"b7c5122\" data-element_type=\"widget\" data-e-type=\"widget\" data-widget_type=\"text-editor.default\">\n\t\t\t\t<div class=\"elementor-widget-container\">\n\t\t\t\t\t\t\t\t\t<p>RIK oznacza przepisy dotycz\u0105ce wewn\u0119trznej kontroli jako\u015bci. Obejmuje ona rejestrowanie zapis\u00f3w dotycz\u0105cych jako\u015bci owoc\u00f3w i warzyw, dla kt\u00f3rych istniej\u0105 ustawowe europejskie normy jako\u015bci. Smeding ma dobre wyniki kontroli. Posiadamy r\u00f3wnie\u017c system kontroli jako\u015bci owoc\u00f3w i warzyw. System ten jest zgodny z kodeksem jako\u015bci KCB. System ten jest sprawdzany podczas corocznego audytu. Certyfikat RIK mo\u017cna zobaczy\u0107 <a href=\"https:\/\/smeding.nl\/wp-content\/uploads\/2024\/05\/2024-04-30-RIK-Certificaat-geldig-tot-01-05-2026.pdf\" target=\"_blank\" rel=\"noopener\">tutaj<\/a>.      <\/p>\t\t\t\t\t\t\t\t<\/div>\n\t\t\t\t<\/div>\n\t\t\t\t<div class=\"elementor-element elementor-element-e046bd9 elementor-widget elementor-widget-image\" data-id=\"e046bd9\" data-element_type=\"widget\" data-e-type=\"widget\" data-widget_type=\"image.default\">\n\t\t\t\t<div class=\"elementor-widget-container\">\n\t\t\t\t\t\t\t\t\t\t\t\t\t\t\t<img loading=\"lazy\" decoding=\"async\" width=\"800\" height=\"800\" src=\"https:\/\/smeding.nl\/wp-content\/uploads\/2022\/02\/keurmerk-het-rik.jpg\" class=\"attachment-full size-full wp-image-2247\" alt=\"\" srcset=\"https:\/\/smeding.nl\/wp-content\/uploads\/2022\/02\/keurmerk-het-rik.jpg 800w, https:\/\/smeding.nl\/wp-content\/uploads\/2022\/02\/keurmerk-het-rik-300x300.jpg 300w, https:\/\/smeding.nl\/wp-content\/uploads\/2022\/02\/keurmerk-het-rik-150x150.jpg 150w, https:\/\/smeding.nl\/wp-content\/uploads\/2022\/02\/keurmerk-het-rik-768x768.jpg 768w\" sizes=\"(max-width: 800px) 100vw, 800px\" \/>\t\t\t\t\t\t\t\t\t\t\t\t\t\t\t<\/div>\n\t\t\t\t<\/div>\n\t\t\t\t\t<\/div>\n\t\t<\/div>\n\t\t\t\t\t<\/div>\n\t\t<\/section>\n\t\t\t\t<section class=\"elementor-section elementor-top-section elementor-element elementor-element-521cdca elementor-section-content-middle elementor-section-boxed elementor-section-height-default elementor-section-height-default\" data-id=\"521cdca\" data-element_type=\"section\" data-e-type=\"section\" data-settings=\"{&quot;jet_parallax_layout_list&quot;:[]}\">\n\t\t\t\t\t\t<div class=\"elementor-container elementor-column-gap-default\">\n\t\t\t\t\t<div class=\"elementor-column elementor-col-50 elementor-top-column elementor-element elementor-element-2b9eb1c\" data-id=\"2b9eb1c\" data-element_type=\"column\" data-e-type=\"column\">\n\t\t\t<div class=\"elementor-widget-wrap elementor-element-populated\">\n\t\t\t\t\t\t<div class=\"elementor-element elementor-element-4f123a6 elementor-widget elementor-widget-heading\" data-id=\"4f123a6\" data-element_type=\"widget\" data-e-type=\"widget\" data-widget_type=\"heading.default\">\n\t\t\t\t<div class=\"elementor-widget-container\">\n\t\t\t\t\t<h2 class=\"elementor-heading-title elementor-size-default\">Global G.A.P CoC [Chain of Custody]<\/h2>\t\t\t\t<\/div>\n\t\t\t\t<\/div>\n\t\t\t\t<div class=\"elementor-element elementor-element-4be05e5 elementor-widget__width-initial elementor-widget elementor-widget-text-editor\" data-id=\"4be05e5\" data-element_type=\"widget\" data-e-type=\"widget\" data-widget_type=\"text-editor.default\">\n\t\t\t\t<div class=\"elementor-widget-container\">\n\t\t\t\t\t\t\t\t\t<p>Certyfikat ten jest przeznaczony dla punkt\u00f3w pakowania i handlowc\u00f3w w \u0142a\u0144cuchu, maj\u0105c na celu zapewnienie p\u0142ynnej identyfikowalno\u015bci od hodowcy do konsumenta za pomoc\u0105 jednego zestawu certyfikat\u00f3w. Zapewnia to wi\u0119ksz\u0105 przejrzysto\u015b\u0107. <\/p><p>We wszystkich ogniwach \u0142a\u0144cucha kupuj\u0105 produkty od firm certyfikowanych zgodnie ze standardami Global GAP. Numer GGN zar\u00f3wno plantator\u00f3w, jak i certyfikowanych firm jest wa\u017cny, aby udowodni\u0107 pochodzenie. <\/p><p>Zobacz certyfikat dla Sint Annaparochie, Geldermalsen i Bredy <a href=\"https:\/\/smeding.nl\/wp-content\/uploads\/2025\/05\/2025-cert.-Def.-GG-COC.pdf\" target=\"_blank\" rel=\"noopener\">tutaj<\/a>.<\/p>\t\t\t\t\t\t\t\t<\/div>\n\t\t\t\t<\/div>\n\t\t\t\t<div class=\"elementor-element elementor-element-dc23eb5 elementor-widget__width-initial elementor-widget elementor-widget-text-editor\" data-id=\"dc23eb5\" data-element_type=\"widget\" data-e-type=\"widget\" data-widget_type=\"text-editor.default\">\n\t\t\t\t<div class=\"elementor-widget-container\">\n\t\t\t\t\t\t\t\t\t<p><strong>Certyfikat ten zosta\u0142 obecnie przed\u0142u\u017cony do 19-03-2026 r., w oczekiwaniu na audyt, ocen\u0119 i zako\u0144czenie.<\/strong><\/p>\t\t\t\t\t\t\t\t<\/div>\n\t\t\t\t<\/div>\n\t\t\t\t<div class=\"elementor-element elementor-element-fe5bf7f elementor-widget elementor-widget-image\" data-id=\"fe5bf7f\" data-element_type=\"widget\" data-e-type=\"widget\" data-widget_type=\"image.default\">\n\t\t\t\t<div class=\"elementor-widget-container\">\n\t\t\t\t\t\t\t\t\t\t\t\t\t\t\t<img loading=\"lazy\" decoding=\"async\" width=\"250\" height=\"215\" src=\"https:\/\/smeding.nl\/wp-content\/uploads\/2023\/11\/Global-GAP-Smeding.jpeg\" class=\"attachment-full size-full wp-image-2387\" alt=\"\" \/>\t\t\t\t\t\t\t\t\t\t\t\t\t\t\t<\/div>\n\t\t\t\t<\/div>\n\t\t\t\t\t<\/div>\n\t\t<\/div>\n\t\t\t\t<div class=\"elementor-column elementor-col-50 elementor-top-column elementor-element elementor-element-547ca9c\" data-id=\"547ca9c\" data-element_type=\"column\" data-e-type=\"column\">\n\t\t\t<div class=\"elementor-widget-wrap elementor-element-populated\">\n\t\t\t\t\t\t<div class=\"elementor-element elementor-element-355dd93 elementor-widget elementor-widget-image\" data-id=\"355dd93\" data-element_type=\"widget\" data-e-type=\"widget\" data-widget_type=\"image.default\">\n\t\t\t\t<div class=\"elementor-widget-container\">\n\t\t\t\t\t\t\t\t\t\t\t\t\t\t\t<img loading=\"lazy\" decoding=\"async\" width=\"1016\" height=\"512\" src=\"https:\/\/smeding.nl\/wp-content\/uploads\/2022\/02\/smeding-assortiment-duurzaam.jpg\" class=\"attachment-full size-full wp-image-2103\" alt=\"\" srcset=\"https:\/\/smeding.nl\/wp-content\/uploads\/2022\/02\/smeding-assortiment-duurzaam.jpg 1016w, https:\/\/smeding.nl\/wp-content\/uploads\/2022\/02\/smeding-assortiment-duurzaam-300x151.jpg 300w, https:\/\/smeding.nl\/wp-content\/uploads\/2022\/02\/smeding-assortiment-duurzaam-768x387.jpg 768w\" sizes=\"(max-width: 1016px) 100vw, 1016px\" \/>\t\t\t\t\t\t\t\t\t\t\t\t\t\t\t<\/div>\n\t\t\t\t<\/div>\n\t\t\t\t\t<\/div>\n\t\t<\/div>\n\t\t\t\t\t<\/div>\n\t\t<\/section>\n\t\t\t\t<\/div>\n\t\t","protected":false},"excerpt":{"rendered":"<p>O firmie Smeding Certyfikaty Ka\u017cdego dnia upewniamy si\u0119, \u017ce klient otrzymuje to, czego potrzebuje. Mo\u017cemy polega\u0107 na naszych producentach i pracownikach, a zatem klient mo\u017ce polega\u0107 na Smeding Groenten en Fruit. \u015aci\u015ble wybieramy naszych producent\u00f3w i dostawc\u00f3w; wsp\u00f3\u0142pracujemy z nimi tylko wtedy, gdy posiadaj\u0105 certyfikaty uznane przez GFSI. Te r\u00f3\u017cne certyfikaty gwarantuj\u0105 jako\u015b\u0107 naszych produkt\u00f3w, [&hellip;]<\/p>\n","protected":false},"author":1,"featured_media":0,"parent":2494,"menu_order":0,"comment_status":"closed","ping_status":"closed","template":"","meta":{"_acf_changed":false,"footnotes":""},"class_list":["post-2483","page","type-page","status-publish","hentry"],"acf":[],"_links":{"self":[{"href":"https:\/\/smeding.nl\/pl\/wp-json\/wp\/v2\/pages\/2483","targetHints":{"allow":["GET"]}}],"collection":[{"href":"https:\/\/smeding.nl\/pl\/wp-json\/wp\/v2\/pages"}],"about":[{"href":"https:\/\/smeding.nl\/pl\/wp-json\/wp\/v2\/types\/page"}],"author":[{"embeddable":true,"href":"https:\/\/smeding.nl\/pl\/wp-json\/wp\/v2\/users\/1"}],"replies":[{"embeddable":true,"href":"https:\/\/smeding.nl\/pl\/wp-json\/wp\/v2\/comments?post=2483"}],"version-history":[{"count":6,"href":"https:\/\/smeding.nl\/pl\/wp-json\/wp\/v2\/pages\/2483\/revisions"}],"predecessor-version":[{"id":2948,"href":"https:\/\/smeding.nl\/pl\/wp-json\/wp\/v2\/pages\/2483\/revisions\/2948"}],"up":[{"embeddable":true,"href":"https:\/\/smeding.nl\/pl\/wp-json\/wp\/v2\/pages\/2494"}],"wp:attachment":[{"href":"https:\/\/smeding.nl\/pl\/wp-json\/wp\/v2\/media?parent=2483"}],"curies":[{"name":"wp","href":"https:\/\/api.w.org\/{rel}","templated":true}]}}