{"id":2511,"date":"2022-02-21T10:55:06","date_gmt":"2022-02-21T09:55:06","guid":{"rendered":"https:\/\/smeding.nl\/certifications\/"},"modified":"2025-11-18T13:06:49","modified_gmt":"2025-11-18T12:06:49","slug":"certifications","status":"publish","type":"page","link":"https:\/\/smeding.nl\/fr\/a-propos-de-smeding\/certifications\/","title":{"rendered":"Certifications"},"content":{"rendered":"\t\t<div data-elementor-type=\"wp-page\" data-elementor-id=\"2511\" class=\"elementor elementor-2511 elementor-85\" data-elementor-post-type=\"page\">\n\t\t\t\t\t\t<section class=\"elementor-section elementor-top-section elementor-element elementor-element-c49b09d elementor-section-boxed elementor-section-height-default elementor-section-height-default\" data-id=\"c49b09d\" data-element_type=\"section\" data-e-type=\"section\" data-settings=\"{&quot;jet_parallax_layout_list&quot;:[]}\">\n\t\t\t\t\t\t<div class=\"elementor-container elementor-column-gap-default\">\n\t\t\t\t\t<div class=\"elementor-column elementor-col-100 elementor-top-column elementor-element elementor-element-6f8c4b5\" data-id=\"6f8c4b5\" data-element_type=\"column\" data-e-type=\"column\" data-settings=\"{&quot;background_background&quot;:&quot;classic&quot;}\">\n\t\t\t<div class=\"elementor-widget-wrap elementor-element-populated\">\n\t\t\t\t\t\t<div class=\"elementor-element elementor-element-bcbe6c1 elementor-widget elementor-widget-heading\" data-id=\"bcbe6c1\" data-element_type=\"widget\" data-e-type=\"widget\" data-widget_type=\"heading.default\">\n\t\t\t\t<div class=\"elementor-widget-container\">\n\t\t\t\t\t<h3 class=\"elementor-heading-title elementor-size-default\">\u00c0 propos de Smeding<\/h3>\t\t\t\t<\/div>\n\t\t\t\t<\/div>\n\t\t\t\t<div class=\"elementor-element elementor-element-258f2a2 elementor-widget elementor-widget-heading\" data-id=\"258f2a2\" data-element_type=\"widget\" data-e-type=\"widget\" data-widget_type=\"heading.default\">\n\t\t\t\t<div class=\"elementor-widget-container\">\n\t\t\t\t\t<h1 class=\"elementor-heading-title elementor-size-default\">Certifications<\/h1>\t\t\t\t<\/div>\n\t\t\t\t<\/div>\n\t\t\t\t<div class=\"elementor-element elementor-element-f672980 elementor-widget elementor-widget-heading\" data-id=\"f672980\" data-element_type=\"widget\" data-e-type=\"widget\" data-widget_type=\"heading.default\">\n\t\t\t\t<div class=\"elementor-widget-container\">\n\t\t\t\t\t<h4 class=\"elementor-heading-title elementor-size-default\">Chaque jour, nous veillons \u00e0 ce que le client obtienne ce dont il a besoin. Nous pouvons compter sur nos producteurs et nos employ\u00e9s, et par cons\u00e9quent, le client peut faire confiance \u00e0 Smeding Groenten en Fruit. Nous s\u00e9lectionnons rigoureusement nos producteurs et fournisseurs ; nous ne collaborons qu'avec ceux qui poss\u00e8dent des certificats reconnus par le GFSI. Ces diff\u00e9rentes certifications garantissent la qualit\u00e9 de nos produits, services, gestion et processus.   <\/h4>\t\t\t\t<\/div>\n\t\t\t\t<\/div>\n\t\t\t\t\t<\/div>\n\t\t<\/div>\n\t\t\t\t\t<\/div>\n\t\t<\/section>\n\t\t\t\t<section class=\"elementor-section elementor-top-section elementor-element elementor-element-ad7c0eb elementor-section-content-middle elementor-section-boxed elementor-section-height-default elementor-section-height-default\" data-id=\"ad7c0eb\" data-element_type=\"section\" data-e-type=\"section\" data-settings=\"{&quot;jet_parallax_layout_list&quot;:[]}\">\n\t\t\t\t\t\t<div class=\"elementor-container elementor-column-gap-default\">\n\t\t\t\t\t<div class=\"elementor-column elementor-col-50 elementor-top-column elementor-element elementor-element-bee1f88\" data-id=\"bee1f88\" data-element_type=\"column\" data-e-type=\"column\">\n\t\t\t<div class=\"elementor-widget-wrap elementor-element-populated\">\n\t\t\t\t\t\t<div class=\"elementor-element elementor-element-373880d elementor-widget elementor-widget-heading\" data-id=\"373880d\" data-element_type=\"widget\" data-e-type=\"widget\" data-widget_type=\"heading.default\">\n\t\t\t\t<div class=\"elementor-widget-container\">\n\t\t\t\t\t<h2 class=\"elementor-heading-title elementor-size-default\">Skal<\/h2>\t\t\t\t<\/div>\n\t\t\t\t<\/div>\n\t\t\t\t<div class=\"elementor-element elementor-element-c1e49bb elementor-widget elementor-widget-text-editor\" data-id=\"c1e49bb\" data-element_type=\"widget\" data-e-type=\"widget\" data-widget_type=\"text-editor.default\">\n\t\t\t\t<div class=\"elementor-widget-container\">\n\t\t\t\t\t\t\t\t\t<p>Smeding est certifi\u00e9 Skal. Cette certification nous autorise \u00e0 stocker et distribuer des fruits et l\u00e9gumes biologiques. En tant qu&rsquo;organisme de contr\u00f4le, Skal s&rsquo;engage \u00e0 garantir la fiabilit\u00e9 d\u00e9montrable des produits biologiques aux Pays-Bas. Un produit agricole ou alimentaire ne peut \u00eatre qualifi\u00e9 de biologique que si son processus de production est conforme aux r\u00e9glementations l\u00e9gales. Avec le <a href=\"https:\/\/smeding.nl\/wp-content\/uploads\/2025\/10\/NL-BIO-01.528-0007190.2025.003.pdf\" target=\"_blank\" rel=\"noopener\">certificat Skal<\/a> de Smeding, vous avez donc l&rsquo;assurance qu&rsquo;un produit biologique est v\u00e9ritablement biologique !    <\/p>\t\t\t\t\t\t\t\t<\/div>\n\t\t\t\t<\/div>\n\t\t\t\t<div class=\"elementor-element elementor-element-19a238f elementor-widget elementor-widget-image\" data-id=\"19a238f\" data-element_type=\"widget\" data-e-type=\"widget\" data-widget_type=\"image.default\">\n\t\t\t\t<div class=\"elementor-widget-container\">\n\t\t\t\t\t\t\t\t\t\t\t\t\t\t\t<img fetchpriority=\"high\" decoding=\"async\" width=\"800\" height=\"800\" src=\"https:\/\/smeding.nl\/wp-content\/uploads\/2022\/02\/keurmerk-skal.jpg\" class=\"attachment-full size-full wp-image-2249\" alt=\"\" srcset=\"https:\/\/smeding.nl\/wp-content\/uploads\/2022\/02\/keurmerk-skal.jpg 800w, https:\/\/smeding.nl\/wp-content\/uploads\/2022\/02\/keurmerk-skal-300x300.jpg 300w, https:\/\/smeding.nl\/wp-content\/uploads\/2022\/02\/keurmerk-skal-150x150.jpg 150w, https:\/\/smeding.nl\/wp-content\/uploads\/2022\/02\/keurmerk-skal-768x768.jpg 768w\" sizes=\"(max-width: 800px) 100vw, 800px\" \/>\t\t\t\t\t\t\t\t\t\t\t\t\t\t\t<\/div>\n\t\t\t\t<\/div>\n\t\t\t\t\t<\/div>\n\t\t<\/div>\n\t\t\t\t<div class=\"elementor-column elementor-col-50 elementor-top-column elementor-element elementor-element-177c0f3\" data-id=\"177c0f3\" data-element_type=\"column\" data-e-type=\"column\">\n\t\t\t<div class=\"elementor-widget-wrap elementor-element-populated\">\n\t\t\t\t\t\t<div class=\"elementor-element elementor-element-38cf6b3 elementor-widget elementor-widget-image\" data-id=\"38cf6b3\" data-element_type=\"widget\" data-e-type=\"widget\" data-widget_type=\"image.default\">\n\t\t\t\t<div class=\"elementor-widget-container\">\n\t\t\t\t\t\t\t\t\t\t\t\t\t\t\t<img decoding=\"async\" width=\"1440\" height=\"961\" src=\"https:\/\/smeding.nl\/wp-content\/uploads\/2022\/03\/wortels.jpg\" class=\"attachment-full size-full wp-image-2305\" alt=\"\" srcset=\"https:\/\/smeding.nl\/wp-content\/uploads\/2022\/03\/wortels.jpg 1440w, https:\/\/smeding.nl\/wp-content\/uploads\/2022\/03\/wortels-300x200.jpg 300w, https:\/\/smeding.nl\/wp-content\/uploads\/2022\/03\/wortels-1024x683.jpg 1024w, https:\/\/smeding.nl\/wp-content\/uploads\/2022\/03\/wortels-768x513.jpg 768w\" sizes=\"(max-width: 1440px) 100vw, 1440px\" \/>\t\t\t\t\t\t\t\t\t\t\t\t\t\t\t<\/div>\n\t\t\t\t<\/div>\n\t\t\t\t\t<\/div>\n\t\t<\/div>\n\t\t\t\t\t<\/div>\n\t\t<\/section>\n\t\t\t\t<section class=\"elementor-section elementor-top-section elementor-element elementor-element-6655632 elementor-section-content-middle elementor-reverse-mobile elementor-section-boxed elementor-section-height-default elementor-section-height-default\" data-id=\"6655632\" data-element_type=\"section\" data-e-type=\"section\" data-settings=\"{&quot;jet_parallax_layout_list&quot;:[]}\">\n\t\t\t\t\t\t<div class=\"elementor-container elementor-column-gap-default\">\n\t\t\t\t\t<div class=\"elementor-column elementor-col-50 elementor-top-column elementor-element elementor-element-2eda01c\" data-id=\"2eda01c\" data-element_type=\"column\" data-e-type=\"column\">\n\t\t\t<div class=\"elementor-widget-wrap elementor-element-populated\">\n\t\t\t\t\t\t<div class=\"elementor-element elementor-element-53a7a04 elementor-widget elementor-widget-image\" data-id=\"53a7a04\" data-element_type=\"widget\" data-e-type=\"widget\" data-widget_type=\"image.default\">\n\t\t\t\t<div class=\"elementor-widget-container\">\n\t\t\t\t\t\t\t\t\t\t\t\t\t\t\t<img decoding=\"async\" width=\"800\" height=\"534\" src=\"https:\/\/smeding.nl\/wp-content\/uploads\/2022\/03\/distributie-1024x683.jpg\" class=\"attachment-large size-large wp-image-2309\" alt=\"\" srcset=\"https:\/\/smeding.nl\/wp-content\/uploads\/2022\/03\/distributie-1024x683.jpg 1024w, https:\/\/smeding.nl\/wp-content\/uploads\/2022\/03\/distributie-300x200.jpg 300w, https:\/\/smeding.nl\/wp-content\/uploads\/2022\/03\/distributie-768x513.jpg 768w, https:\/\/smeding.nl\/wp-content\/uploads\/2022\/03\/distributie.jpg 1440w\" sizes=\"(max-width: 800px) 100vw, 800px\" \/>\t\t\t\t\t\t\t\t\t\t\t\t\t\t\t<\/div>\n\t\t\t\t<\/div>\n\t\t\t\t\t<\/div>\n\t\t<\/div>\n\t\t\t\t<div class=\"elementor-column elementor-col-50 elementor-top-column elementor-element elementor-element-3591eeb\" data-id=\"3591eeb\" data-element_type=\"column\" data-e-type=\"column\">\n\t\t\t<div class=\"elementor-widget-wrap elementor-element-populated\">\n\t\t\t\t\t\t<div class=\"elementor-element elementor-element-493a009 elementor-widget elementor-widget-heading\" data-id=\"493a009\" data-element_type=\"widget\" data-e-type=\"widget\" data-widget_type=\"heading.default\">\n\t\t\t\t<div class=\"elementor-widget-container\">\n\t\t\t\t\t<h2 class=\"elementor-heading-title elementor-size-default\">BRC S&amp;D<\/h2>\t\t\t\t<\/div>\n\t\t\t\t<\/div>\n\t\t\t\t<div class=\"elementor-element elementor-element-5bfab22 elementor-widget elementor-widget-text-editor\" data-id=\"5bfab22\" data-element_type=\"widget\" data-e-type=\"widget\" data-widget_type=\"text-editor.default\">\n\t\t\t\t<div class=\"elementor-widget-container\">\n\t\t\t\t\t\t\t\t\t<p>Le certificat BRC S&amp;D (stockage et distribution) s&rsquo;applique aux entreprises assurant le stockage et la distribution de denr\u00e9es alimentaires. Ce certificat garantit que nous recevons des fruits et l\u00e9gumes de qualit\u00e9 appropri\u00e9e et dans les bonnes conditions. Il atteste \u00e9galement que nous maintenons cette qualit\u00e9 et ces conditions jusqu&rsquo;\u00e0 la livraison au client. Le certificat BRC S&amp;D d\u00e9montre que Smeding r\u00e9pond \u00e0 ces exigences.   <\/p><p><a href=\"https:\/\/smeding.nl\/wp-content\/uploads\/2025\/02\/PDF-2025-RC-C523713-BRC.pdf\" target=\"_blank\" rel=\"noopener\">Certificat Breda <\/a> <br><a href=\"https:\/\/smeding.nl\/wp-content\/uploads\/2025\/06\/STAP-BRC-SD-20250612-geldig-tot-10-08-2026.pdf\" target=\"_blank\" rel=\"noopener\">Certificat Sint Annaparochie<\/a><br><a href=\"https:\/\/smeding.nl\/wp-content\/uploads\/2025\/11\/BRC-SD-certificaat-Smeding-De-Wissel-7-geldig-tot-1-1-2027.pdf\" target=\"_blank\" rel=\"noopener\">Certificat Wissel 7<\/a><\/p>\t\t\t\t\t\t\t\t<\/div>\n\t\t\t\t<\/div>\n\t\t\t\t<div class=\"elementor-element elementor-element-79fbc47 elementor-widget elementor-widget-image\" data-id=\"79fbc47\" data-element_type=\"widget\" data-e-type=\"widget\" data-widget_type=\"image.default\">\n\t\t\t\t<div class=\"elementor-widget-container\">\n\t\t\t\t\t\t\t\t\t\t\t\t\t\t\t<img loading=\"lazy\" decoding=\"async\" width=\"800\" height=\"800\" src=\"https:\/\/smeding.nl\/wp-content\/uploads\/2022\/02\/keurmerk-brc.jpg\" class=\"attachment-full size-full wp-image-2237\" alt=\"\" srcset=\"https:\/\/smeding.nl\/wp-content\/uploads\/2022\/02\/keurmerk-brc.jpg 800w, https:\/\/smeding.nl\/wp-content\/uploads\/2022\/02\/keurmerk-brc-300x300.jpg 300w, https:\/\/smeding.nl\/wp-content\/uploads\/2022\/02\/keurmerk-brc-150x150.jpg 150w, https:\/\/smeding.nl\/wp-content\/uploads\/2022\/02\/keurmerk-brc-768x768.jpg 768w\" sizes=\"(max-width: 800px) 100vw, 800px\" \/>\t\t\t\t\t\t\t\t\t\t\t\t\t\t\t<\/div>\n\t\t\t\t<\/div>\n\t\t\t\t\t<\/div>\n\t\t<\/div>\n\t\t\t\t\t<\/div>\n\t\t<\/section>\n\t\t\t\t<section class=\"elementor-section elementor-top-section elementor-element elementor-element-22fbcf3 elementor-section-content-middle elementor-section-boxed elementor-section-height-default elementor-section-height-default\" data-id=\"22fbcf3\" data-element_type=\"section\" data-e-type=\"section\" data-settings=\"{&quot;jet_parallax_layout_list&quot;:[]}\">\n\t\t\t\t\t\t<div class=\"elementor-container elementor-column-gap-default\">\n\t\t\t\t\t<div class=\"elementor-column elementor-col-50 elementor-top-column elementor-element elementor-element-392d6da\" data-id=\"392d6da\" data-element_type=\"column\" data-e-type=\"column\">\n\t\t\t<div class=\"elementor-widget-wrap elementor-element-populated\">\n\t\t\t\t\t\t<div class=\"elementor-element elementor-element-ec77104 elementor-widget elementor-widget-heading\" data-id=\"ec77104\" data-element_type=\"widget\" data-e-type=\"widget\" data-widget_type=\"heading.default\">\n\t\t\t\t<div class=\"elementor-widget-container\">\n\t\t\t\t\t<h2 class=\"elementor-heading-title elementor-size-default\">Fairtrade<\/h2>\t\t\t\t<\/div>\n\t\t\t\t<\/div>\n\t\t\t\t<div class=\"elementor-element elementor-element-c4d5696 elementor-widget elementor-widget-text-editor\" data-id=\"c4d5696\" data-element_type=\"widget\" data-e-type=\"widget\" data-widget_type=\"text-editor.default\">\n\t\t\t\t<div class=\"elementor-widget-container\">\n\t\t\t\t\t\t\t\t\t<p>Smeding est certifi\u00e9 Fairtrade, ce qui d\u00e9montre que nous op\u00e9rons selon les conditions du commerce \u00e9quitable. Fairtrade vise \u00e0 promouvoir le d\u00e9veloppement durable et \u00e0 r\u00e9duire la pauvret\u00e9 par un commerce plus \u00e9quitable. Consultez <a href=\"https:\/\/smeding.nl\/wp-content\/uploads\/2024\/04\/Fairtrade-Smeding-CERT_Certificate-41013-tm-20-04-2029.pdf\" target=\"_blank\" rel=\"noopener\">ici<\/a> le certificat Fairtrade.  <\/p>\t\t\t\t\t\t\t\t<\/div>\n\t\t\t\t<\/div>\n\t\t\t\t<div class=\"elementor-element elementor-element-b6c94ee elementor-widget elementor-widget-image\" data-id=\"b6c94ee\" data-element_type=\"widget\" data-e-type=\"widget\" data-widget_type=\"image.default\">\n\t\t\t\t<div class=\"elementor-widget-container\">\n\t\t\t\t\t\t\t\t\t\t\t\t\t\t\t<img loading=\"lazy\" decoding=\"async\" width=\"800\" height=\"800\" src=\"https:\/\/smeding.nl\/wp-content\/uploads\/2022\/02\/keurmerk-fairtrade.jpg\" class=\"attachment-full size-full wp-image-2241\" alt=\"\" srcset=\"https:\/\/smeding.nl\/wp-content\/uploads\/2022\/02\/keurmerk-fairtrade.jpg 800w, https:\/\/smeding.nl\/wp-content\/uploads\/2022\/02\/keurmerk-fairtrade-300x300.jpg 300w, https:\/\/smeding.nl\/wp-content\/uploads\/2022\/02\/keurmerk-fairtrade-150x150.jpg 150w, https:\/\/smeding.nl\/wp-content\/uploads\/2022\/02\/keurmerk-fairtrade-768x768.jpg 768w\" sizes=\"(max-width: 800px) 100vw, 800px\" \/>\t\t\t\t\t\t\t\t\t\t\t\t\t\t\t<\/div>\n\t\t\t\t<\/div>\n\t\t\t\t\t<\/div>\n\t\t<\/div>\n\t\t\t\t<div class=\"elementor-column elementor-col-50 elementor-top-column elementor-element elementor-element-0153f56\" data-id=\"0153f56\" data-element_type=\"column\" data-e-type=\"column\">\n\t\t\t<div class=\"elementor-widget-wrap elementor-element-populated\">\n\t\t\t\t\t\t<div class=\"elementor-element elementor-element-852fcec elementor-widget elementor-widget-image\" data-id=\"852fcec\" data-element_type=\"widget\" data-e-type=\"widget\" data-widget_type=\"image.default\">\n\t\t\t\t<div class=\"elementor-widget-container\">\n\t\t\t\t\t\t\t\t\t\t\t\t\t\t\t<img loading=\"lazy\" decoding=\"async\" width=\"800\" height=\"534\" src=\"https:\/\/smeding.nl\/wp-content\/uploads\/2022\/02\/Mijnboer-teler-Coeur-de-Boeuf2.jpg\" class=\"attachment-full size-full wp-image-2017\" alt=\"\" srcset=\"https:\/\/smeding.nl\/wp-content\/uploads\/2022\/02\/Mijnboer-teler-Coeur-de-Boeuf2.jpg 800w, https:\/\/smeding.nl\/wp-content\/uploads\/2022\/02\/Mijnboer-teler-Coeur-de-Boeuf2-300x200.jpg 300w, https:\/\/smeding.nl\/wp-content\/uploads\/2022\/02\/Mijnboer-teler-Coeur-de-Boeuf2-768x513.jpg 768w\" sizes=\"(max-width: 800px) 100vw, 800px\" \/>\t\t\t\t\t\t\t\t\t\t\t\t\t\t\t<\/div>\n\t\t\t\t<\/div>\n\t\t\t\t\t<\/div>\n\t\t<\/div>\n\t\t\t\t\t<\/div>\n\t\t<\/section>\n\t\t\t\t<section class=\"elementor-section elementor-top-section elementor-element elementor-element-4d6fbfc elementor-section-content-middle elementor-reverse-mobile elementor-section-boxed elementor-section-height-default elementor-section-height-default\" data-id=\"4d6fbfc\" data-element_type=\"section\" data-e-type=\"section\" data-settings=\"{&quot;jet_parallax_layout_list&quot;:[]}\">\n\t\t\t\t\t\t<div class=\"elementor-container elementor-column-gap-default\">\n\t\t\t\t\t<div class=\"elementor-column elementor-col-50 elementor-top-column elementor-element elementor-element-21d6984\" data-id=\"21d6984\" data-element_type=\"column\" data-e-type=\"column\">\n\t\t\t<div class=\"elementor-widget-wrap elementor-element-populated\">\n\t\t\t\t\t\t<div class=\"elementor-element elementor-element-aa94df8 elementor-widget elementor-widget-image\" data-id=\"aa94df8\" data-element_type=\"widget\" data-e-type=\"widget\" data-widget_type=\"image.default\">\n\t\t\t\t<div class=\"elementor-widget-container\">\n\t\t\t\t\t\t\t\t\t\t\t\t\t\t\t<img loading=\"lazy\" decoding=\"async\" width=\"1920\" height=\"1275\" src=\"https:\/\/smeding.nl\/wp-content\/uploads\/2022\/02\/smeding-kam-smaaktest.jpg\" class=\"attachment-full size-full wp-image-2129\" alt=\"\" srcset=\"https:\/\/smeding.nl\/wp-content\/uploads\/2022\/02\/smeding-kam-smaaktest.jpg 1920w, https:\/\/smeding.nl\/wp-content\/uploads\/2022\/02\/smeding-kam-smaaktest-300x199.jpg 300w, https:\/\/smeding.nl\/wp-content\/uploads\/2022\/02\/smeding-kam-smaaktest-1024x680.jpg 1024w, https:\/\/smeding.nl\/wp-content\/uploads\/2022\/02\/smeding-kam-smaaktest-768x510.jpg 768w, https:\/\/smeding.nl\/wp-content\/uploads\/2022\/02\/smeding-kam-smaaktest-1536x1020.jpg 1536w\" sizes=\"(max-width: 1920px) 100vw, 1920px\" \/>\t\t\t\t\t\t\t\t\t\t\t\t\t\t\t<\/div>\n\t\t\t\t<\/div>\n\t\t\t\t\t<\/div>\n\t\t<\/div>\n\t\t\t\t<div class=\"elementor-column elementor-col-50 elementor-top-column elementor-element elementor-element-e93ef5a\" data-id=\"e93ef5a\" data-element_type=\"column\" data-e-type=\"column\">\n\t\t\t<div class=\"elementor-widget-wrap elementor-element-populated\">\n\t\t\t\t\t\t<div class=\"elementor-element elementor-element-766c6aa elementor-widget elementor-widget-heading\" data-id=\"766c6aa\" data-element_type=\"widget\" data-e-type=\"widget\" data-widget_type=\"heading.default\">\n\t\t\t\t<div class=\"elementor-widget-container\">\n\t\t\t\t\t<h2 class=\"elementor-heading-title elementor-size-default\">RIK<\/h2>\t\t\t\t<\/div>\n\t\t\t\t<\/div>\n\t\t\t\t<div class=\"elementor-element elementor-element-b7c5122 elementor-widget elementor-widget-text-editor\" data-id=\"b7c5122\" data-element_type=\"widget\" data-e-type=\"widget\" data-widget_type=\"text-editor.default\">\n\t\t\t\t<div class=\"elementor-widget-container\">\n\t\t\t\t\t\t\t\t\t<p>RIK signifie R\u00e8glement de Contr\u00f4le Qualit\u00e9 Interne. Il s&rsquo;agit d&rsquo;enregistrer les contr\u00f4les de qualit\u00e9 des fruits et l\u00e9gumes soumis aux normes de qualit\u00e9 europ\u00e9ennes l\u00e9gales. Smeding dispose de bons r\u00e9sultats de contr\u00f4le. Nous avons \u00e9galement un syst\u00e8me de gestion de la qualit\u00e9 pour les fruits et l\u00e9gumes. Ce syst\u00e8me est conforme au code qualit\u00e9 KCB. Lors de l&rsquo;audit annuel, ce syst\u00e8me est v\u00e9rifi\u00e9. Consultez <a href=\"https:\/\/smeding.nl\/wp-content\/uploads\/2024\/05\/2024-04-30-RIK-Certificaat-geldig-tot-01-05-2026.pdf\" target=\"_blank\" rel=\"noopener\">ici<\/a> le certificat RIK.      <\/p>\t\t\t\t\t\t\t\t<\/div>\n\t\t\t\t<\/div>\n\t\t\t\t<div class=\"elementor-element elementor-element-e046bd9 elementor-widget elementor-widget-image\" data-id=\"e046bd9\" data-element_type=\"widget\" data-e-type=\"widget\" data-widget_type=\"image.default\">\n\t\t\t\t<div class=\"elementor-widget-container\">\n\t\t\t\t\t\t\t\t\t\t\t\t\t\t\t<img loading=\"lazy\" decoding=\"async\" width=\"800\" height=\"800\" src=\"https:\/\/smeding.nl\/wp-content\/uploads\/2022\/02\/keurmerk-het-rik.jpg\" class=\"attachment-full size-full wp-image-2245\" alt=\"\" srcset=\"https:\/\/smeding.nl\/wp-content\/uploads\/2022\/02\/keurmerk-het-rik.jpg 800w, https:\/\/smeding.nl\/wp-content\/uploads\/2022\/02\/keurmerk-het-rik-300x300.jpg 300w, https:\/\/smeding.nl\/wp-content\/uploads\/2022\/02\/keurmerk-het-rik-150x150.jpg 150w, https:\/\/smeding.nl\/wp-content\/uploads\/2022\/02\/keurmerk-het-rik-768x768.jpg 768w\" sizes=\"(max-width: 800px) 100vw, 800px\" \/>\t\t\t\t\t\t\t\t\t\t\t\t\t\t\t<\/div>\n\t\t\t\t<\/div>\n\t\t\t\t\t<\/div>\n\t\t<\/div>\n\t\t\t\t\t<\/div>\n\t\t<\/section>\n\t\t\t\t<section class=\"elementor-section elementor-top-section elementor-element elementor-element-521cdca elementor-section-content-middle elementor-section-boxed elementor-section-height-default elementor-section-height-default\" data-id=\"521cdca\" data-element_type=\"section\" data-e-type=\"section\" data-settings=\"{&quot;jet_parallax_layout_list&quot;:[]}\">\n\t\t\t\t\t\t<div class=\"elementor-container elementor-column-gap-default\">\n\t\t\t\t\t<div class=\"elementor-column elementor-col-50 elementor-top-column elementor-element elementor-element-2b9eb1c\" data-id=\"2b9eb1c\" data-element_type=\"column\" data-e-type=\"column\">\n\t\t\t<div class=\"elementor-widget-wrap elementor-element-populated\">\n\t\t\t\t\t\t<div class=\"elementor-element elementor-element-4f123a6 elementor-widget elementor-widget-heading\" data-id=\"4f123a6\" data-element_type=\"widget\" data-e-type=\"widget\" data-widget_type=\"heading.default\">\n\t\t\t\t<div class=\"elementor-widget-container\">\n\t\t\t\t\t<h2 class=\"elementor-heading-title elementor-size-default\">Global G.A.P CoC [Chain of Custody]<\/h2>\t\t\t\t<\/div>\n\t\t\t\t<\/div>\n\t\t\t\t<div class=\"elementor-element elementor-element-4be05e5 elementor-widget__width-initial elementor-widget elementor-widget-text-editor\" data-id=\"4be05e5\" data-element_type=\"widget\" data-e-type=\"widget\" data-widget_type=\"text-editor.default\">\n\t\t\t\t<div class=\"elementor-widget-container\">\n\t\t\t\t\t\t\t\t\t<p>Ce certificat est con\u00e7u pour les stations de conditionnement et les n\u00e9gociants de la cha\u00eene, dans le but d&rsquo;assurer une tra\u00e7abilit\u00e9 sans faille du producteur au consommateur via une s\u00e9rie unique de certificats. Cela permet d&rsquo;accro\u00eetre la transparence. <\/p><p>Pour tous les maillons de la cha\u00eene, il est imp\u00e9ratif d&rsquo;acheter des produits aupr\u00e8s d&rsquo;entreprises certifi\u00e9es selon les normes Global GAP. Le num\u00e9ro GGN des producteurs et des entreprises certifi\u00e9es est essentiel pour d\u00e9montrer l&rsquo;origine. <\/p><p>Consultez le certificat pour Sint Annaparochie, Geldermalsen et Breda <a href=\"https:\/\/smeding.nl\/wp-content\/uploads\/2025\/05\/2025-cert.-Def.-GG-COC.pdf\" target=\"_blank\" rel=\"noopener\">ici.<\/a> <\/p>\t\t\t\t\t\t\t\t<\/div>\n\t\t\t\t<\/div>\n\t\t\t\t<div class=\"elementor-element elementor-element-dc23eb5 elementor-widget__width-initial elementor-widget elementor-widget-text-editor\" data-id=\"dc23eb5\" data-element_type=\"widget\" data-e-type=\"widget\" data-widget_type=\"text-editor.default\">\n\t\t\t\t<div class=\"elementor-widget-container\">\n\t\t\t\t\t\t\t\t\t<p><strong>Ce certificat a \u00e9t\u00e9 prolong\u00e9 jusqu&rsquo;au 19-03-2026, dans l&rsquo;attente de l&rsquo;audit, de l&rsquo;\u00e9valuation et de l&rsquo;ach\u00e8vement.<\/strong><\/p>\t\t\t\t\t\t\t\t<\/div>\n\t\t\t\t<\/div>\n\t\t\t\t<div class=\"elementor-element elementor-element-fe5bf7f elementor-widget elementor-widget-image\" data-id=\"fe5bf7f\" data-element_type=\"widget\" data-e-type=\"widget\" data-widget_type=\"image.default\">\n\t\t\t\t<div class=\"elementor-widget-container\">\n\t\t\t\t\t\t\t\t\t\t\t\t\t\t\t<img loading=\"lazy\" decoding=\"async\" width=\"250\" height=\"215\" src=\"https:\/\/smeding.nl\/wp-content\/uploads\/2023\/11\/Global-GAP-Smeding.jpeg\" class=\"attachment-full size-full wp-image-2385\" alt=\"\" \/>\t\t\t\t\t\t\t\t\t\t\t\t\t\t\t<\/div>\n\t\t\t\t<\/div>\n\t\t\t\t\t<\/div>\n\t\t<\/div>\n\t\t\t\t<div class=\"elementor-column elementor-col-50 elementor-top-column elementor-element elementor-element-547ca9c\" data-id=\"547ca9c\" data-element_type=\"column\" data-e-type=\"column\">\n\t\t\t<div class=\"elementor-widget-wrap elementor-element-populated\">\n\t\t\t\t\t\t<div class=\"elementor-element elementor-element-355dd93 elementor-widget elementor-widget-image\" data-id=\"355dd93\" data-element_type=\"widget\" data-e-type=\"widget\" data-widget_type=\"image.default\">\n\t\t\t\t<div class=\"elementor-widget-container\">\n\t\t\t\t\t\t\t\t\t\t\t\t\t\t\t<img loading=\"lazy\" decoding=\"async\" width=\"1016\" height=\"512\" src=\"https:\/\/smeding.nl\/wp-content\/uploads\/2022\/02\/smeding-assortiment-duurzaam.jpg\" class=\"attachment-full size-full wp-image-2101\" alt=\"\" srcset=\"https:\/\/smeding.nl\/wp-content\/uploads\/2022\/02\/smeding-assortiment-duurzaam.jpg 1016w, https:\/\/smeding.nl\/wp-content\/uploads\/2022\/02\/smeding-assortiment-duurzaam-300x151.jpg 300w, https:\/\/smeding.nl\/wp-content\/uploads\/2022\/02\/smeding-assortiment-duurzaam-768x387.jpg 768w\" sizes=\"(max-width: 1016px) 100vw, 1016px\" \/>\t\t\t\t\t\t\t\t\t\t\t\t\t\t\t<\/div>\n\t\t\t\t<\/div>\n\t\t\t\t\t<\/div>\n\t\t<\/div>\n\t\t\t\t\t<\/div>\n\t\t<\/section>\n\t\t\t\t<\/div>\n\t\t","protected":false},"excerpt":{"rendered":"<p>\u00c0 propos de Smeding Certifications Chaque jour, nous veillons \u00e0 ce que le client obtienne ce dont il a besoin. Nous pouvons compter sur nos producteurs et nos employ\u00e9s, et par cons\u00e9quent, le client peut faire confiance \u00e0 Smeding Groenten en Fruit. Nous s\u00e9lectionnons rigoureusement nos producteurs et fournisseurs ; nous ne collaborons qu&rsquo;avec ceux [&hellip;]<\/p>\n","protected":false},"author":1,"featured_media":0,"parent":2533,"menu_order":0,"comment_status":"closed","ping_status":"closed","template":"","meta":{"_acf_changed":false,"footnotes":""},"class_list":["post-2511","page","type-page","status-publish","hentry"],"acf":[],"_links":{"self":[{"href":"https:\/\/smeding.nl\/fr\/wp-json\/wp\/v2\/pages\/2511","targetHints":{"allow":["GET"]}}],"collection":[{"href":"https:\/\/smeding.nl\/fr\/wp-json\/wp\/v2\/pages"}],"about":[{"href":"https:\/\/smeding.nl\/fr\/wp-json\/wp\/v2\/types\/page"}],"author":[{"embeddable":true,"href":"https:\/\/smeding.nl\/fr\/wp-json\/wp\/v2\/users\/1"}],"replies":[{"embeddable":true,"href":"https:\/\/smeding.nl\/fr\/wp-json\/wp\/v2\/comments?post=2511"}],"version-history":[{"count":6,"href":"https:\/\/smeding.nl\/fr\/wp-json\/wp\/v2\/pages\/2511\/revisions"}],"predecessor-version":[{"id":2945,"href":"https:\/\/smeding.nl\/fr\/wp-json\/wp\/v2\/pages\/2511\/revisions\/2945"}],"up":[{"embeddable":true,"href":"https:\/\/smeding.nl\/fr\/wp-json\/wp\/v2\/pages\/2533"}],"wp:attachment":[{"href":"https:\/\/smeding.nl\/fr\/wp-json\/wp\/v2\/media?parent=2511"}],"curies":[{"name":"wp","href":"https:\/\/api.w.org\/{rel}","templated":true}]}}