{"id":2504,"date":"2022-02-21T10:53:49","date_gmt":"2022-02-21T09:53:49","guid":{"rendered":"https:\/\/smeding.nl\/rse\/"},"modified":"2025-05-16T10:54:36","modified_gmt":"2025-05-16T08:54:36","slug":"rse","status":"publish","type":"page","link":"https:\/\/smeding.nl\/fr\/a-propos-de-smeding\/rse\/","title":{"rendered":"RSE"},"content":{"rendered":"\t\t<div data-elementor-type=\"wp-page\" data-elementor-id=\"2504\" class=\"elementor elementor-2504 elementor-83\" data-elementor-post-type=\"page\">\n\t\t\t\t\t\t<section class=\"elementor-section elementor-top-section elementor-element elementor-element-ffc4dc0 elementor-section-boxed elementor-section-height-default elementor-section-height-default\" data-id=\"ffc4dc0\" data-element_type=\"section\" data-e-type=\"section\" data-settings=\"{&quot;jet_parallax_layout_list&quot;:[]}\">\n\t\t\t\t\t\t<div class=\"elementor-container elementor-column-gap-default\">\n\t\t\t\t\t<div class=\"elementor-column elementor-col-100 elementor-top-column elementor-element elementor-element-2f032df\" data-id=\"2f032df\" data-element_type=\"column\" data-e-type=\"column\" data-settings=\"{&quot;background_background&quot;:&quot;classic&quot;}\">\n\t\t\t<div class=\"elementor-widget-wrap elementor-element-populated\">\n\t\t\t\t\t\t<div class=\"elementor-element elementor-element-2c0858b elementor-widget elementor-widget-heading\" data-id=\"2c0858b\" data-element_type=\"widget\" data-e-type=\"widget\" data-widget_type=\"heading.default\">\n\t\t\t\t<div class=\"elementor-widget-container\">\n\t\t\t\t\t<h3 class=\"elementor-heading-title elementor-size-default\">\u00c0 propos de Smeding<\/h3>\t\t\t\t<\/div>\n\t\t\t\t<\/div>\n\t\t\t\t<div class=\"elementor-element elementor-element-fb741cd elementor-widget elementor-widget-heading\" data-id=\"fb741cd\" data-element_type=\"widget\" data-e-type=\"widget\" data-widget_type=\"heading.default\">\n\t\t\t\t<div class=\"elementor-widget-container\">\n\t\t\t\t\t<h1 class=\"elementor-heading-title elementor-size-default\">Responsabilit\u00e9 Soci\u00e9tale des Entreprises<\/h1>\t\t\t\t<\/div>\n\t\t\t\t<\/div>\n\t\t\t\t<div class=\"elementor-element elementor-element-6ceaa5c elementor-widget elementor-widget-heading\" data-id=\"6ceaa5c\" data-element_type=\"widget\" data-e-type=\"widget\" data-widget_type=\"heading.default\">\n\t\t\t\t<div class=\"elementor-widget-container\">\n\t\t\t\t\t<h4 class=\"elementor-heading-title elementor-size-default\">Smeding est consciente de son r\u00f4le dans la soci\u00e9t\u00e9. En tant que l'un des principaux partenaires commerciaux dans le secteur des Pommes de terre, L\u00e9gumes et Fruits (PLF) aux Pays-Bas, nous souhaitons montrer l'exemple. Les objectifs de notre politique qualit\u00e9 s'articulent autour de plusieurs piliers.<\/h4>\t\t\t\t<\/div>\n\t\t\t\t<\/div>\n\t\t\t\t\t<\/div>\n\t\t<\/div>\n\t\t\t\t\t<\/div>\n\t\t<\/section>\n\t\t\t\t<section class=\"elementor-section elementor-top-section elementor-element elementor-element-57f0419 elementor-section-content-middle elementor-section-boxed elementor-section-height-default elementor-section-height-default\" data-id=\"57f0419\" data-element_type=\"section\" data-e-type=\"section\" data-settings=\"{&quot;jet_parallax_layout_list&quot;:[]}\">\n\t\t\t\t\t\t<div class=\"elementor-container elementor-column-gap-default\">\n\t\t\t\t\t<div class=\"elementor-column elementor-col-50 elementor-top-column elementor-element elementor-element-350f955\" data-id=\"350f955\" data-element_type=\"column\" data-e-type=\"column\">\n\t\t\t<div class=\"elementor-widget-wrap elementor-element-populated\">\n\t\t\t\t\t\t<div class=\"elementor-element elementor-element-7788d66 elementor-widget elementor-widget-heading\" data-id=\"7788d66\" data-element_type=\"widget\" data-e-type=\"widget\" data-widget_type=\"heading.default\">\n\t\t\t\t<div class=\"elementor-widget-container\">\n\t\t\t\t\t<h2 class=\"elementor-heading-title elementor-size-default\">Respect de l'environnement<\/h2>\t\t\t\t<\/div>\n\t\t\t\t<\/div>\n\t\t\t\t<div class=\"elementor-element elementor-element-6ba4c3b elementor-widget elementor-widget-text-editor\" data-id=\"6ba4c3b\" data-element_type=\"widget\" data-e-type=\"widget\" data-widget_type=\"text-editor.default\">\n\t\t\t\t<div class=\"elementor-widget-container\">\n\t\t\t\t\t\t\t\t\t<p>Smeding traite avec soin l&rsquo;environnement et les mati\u00e8res premi\u00e8res et auxiliaires que nous utilisons dans notre entreprise. Nous le faisons en triant et en limitant les d\u00e9chets, en g\u00e9rant efficacement le transport, en pr\u00e9venant la pollution environnementale et en \u00e9vitant l&rsquo;utilisation inutile d&rsquo;\u00e9nergie, d&rsquo;eau et de papier.<\/p>\t\t\t\t\t\t\t\t<\/div>\n\t\t\t\t<\/div>\n\t\t\t\t\t<\/div>\n\t\t<\/div>\n\t\t\t\t<div class=\"elementor-column elementor-col-50 elementor-top-column elementor-element elementor-element-36744eb\" data-id=\"36744eb\" data-element_type=\"column\" data-e-type=\"column\">\n\t\t\t<div class=\"elementor-widget-wrap elementor-element-populated\">\n\t\t\t\t\t\t<div class=\"elementor-element elementor-element-4503712 elementor-widget elementor-widget-image\" data-id=\"4503712\" data-element_type=\"widget\" data-e-type=\"widget\" data-widget_type=\"image.default\">\n\t\t\t\t<div class=\"elementor-widget-container\">\n\t\t\t\t\t\t\t\t\t\t\t\t\t\t\t<img fetchpriority=\"high\" decoding=\"async\" width=\"1440\" height=\"961\" src=\"https:\/\/smeding.nl\/wp-content\/uploads\/2022\/02\/Mijnboer-teler-Coeur-de-Boeuf2-1.jpg\" class=\"attachment-full size-full wp-image-2133\" alt=\"\" srcset=\"https:\/\/smeding.nl\/wp-content\/uploads\/2022\/02\/Mijnboer-teler-Coeur-de-Boeuf2-1.jpg 1440w, https:\/\/smeding.nl\/wp-content\/uploads\/2022\/02\/Mijnboer-teler-Coeur-de-Boeuf2-1-300x200.jpg 300w, https:\/\/smeding.nl\/wp-content\/uploads\/2022\/02\/Mijnboer-teler-Coeur-de-Boeuf2-1-1024x683.jpg 1024w, https:\/\/smeding.nl\/wp-content\/uploads\/2022\/02\/Mijnboer-teler-Coeur-de-Boeuf2-1-768x513.jpg 768w\" sizes=\"(max-width: 1440px) 100vw, 1440px\" \/>\t\t\t\t\t\t\t\t\t\t\t\t\t\t\t<\/div>\n\t\t\t\t<\/div>\n\t\t\t\t\t<\/div>\n\t\t<\/div>\n\t\t\t\t\t<\/div>\n\t\t<\/section>\n\t\t\t\t<section class=\"elementor-section elementor-top-section elementor-element elementor-element-dbb803c elementor-section-content-middle elementor-section-boxed elementor-section-height-default elementor-section-height-default\" data-id=\"dbb803c\" data-element_type=\"section\" data-e-type=\"section\" data-settings=\"{&quot;jet_parallax_layout_list&quot;:[]}\">\n\t\t\t\t\t\t<div class=\"elementor-container elementor-column-gap-default\">\n\t\t\t\t\t<div class=\"elementor-column elementor-col-100 elementor-top-column elementor-element elementor-element-8800725\" data-id=\"8800725\" data-element_type=\"column\" data-e-type=\"column\">\n\t\t\t<div class=\"elementor-widget-wrap elementor-element-populated\">\n\t\t\t\t\t\t<section class=\"elementor-section elementor-inner-section elementor-element elementor-element-eec7fbc elementor-section-content-middle elementor-reverse-mobile elementor-section-boxed elementor-section-height-default elementor-section-height-default\" data-id=\"eec7fbc\" data-element_type=\"section\" data-e-type=\"section\" data-settings=\"{&quot;jet_parallax_layout_list&quot;:[],&quot;background_background&quot;:&quot;classic&quot;}\">\n\t\t\t\t\t\t<div class=\"elementor-container elementor-column-gap-default\">\n\t\t\t\t\t<div class=\"elementor-column elementor-col-50 elementor-inner-column elementor-element elementor-element-be19f6a\" data-id=\"be19f6a\" data-element_type=\"column\" data-e-type=\"column\">\n\t\t\t<div class=\"elementor-widget-wrap elementor-element-populated\">\n\t\t\t\t\t\t<div class=\"elementor-element elementor-element-9180dde elementor-widget elementor-widget-heading\" data-id=\"9180dde\" data-element_type=\"widget\" data-e-type=\"widget\" data-widget_type=\"heading.default\">\n\t\t\t\t<div class=\"elementor-widget-container\">\n\t\t\t\t\t<h2 class=\"elementor-heading-title elementor-size-default\">Respect de la l\u00e9gislation environnementale<\/h2>\t\t\t\t<\/div>\n\t\t\t\t<\/div>\n\t\t\t\t<div class=\"elementor-element elementor-element-198e186 elementor-widget elementor-widget-text-editor\" data-id=\"198e186\" data-element_type=\"widget\" data-e-type=\"widget\" data-widget_type=\"text-editor.default\">\n\t\t\t\t<div class=\"elementor-widget-container\">\n\t\t\t\t\t\t\t\t\t<p>Smeding se conforme aux exigences l\u00e9gales et aux directives en mati\u00e8re d&rsquo;environnement. Nous nous effor\u00e7ons continuellement de r\u00e9duire les emballages superflus et non \u00e9cologiques, d&rsquo;assurer un environnement de travail s\u00fbr pour les employ\u00e9s et nous respectons les exigences concernant l&rsquo;entretien et l&rsquo;utilisation des r\u00e9frig\u00e9rants dans les installations.<\/p>\t\t\t\t\t\t\t\t<\/div>\n\t\t\t\t<\/div>\n\t\t\t\t\t<\/div>\n\t\t<\/div>\n\t\t\t\t<div class=\"elementor-column elementor-col-50 elementor-inner-column elementor-element elementor-element-4178e95\" data-id=\"4178e95\" data-element_type=\"column\" data-e-type=\"column\" data-settings=\"{&quot;background_background&quot;:&quot;classic&quot;}\">\n\t\t\t<div class=\"elementor-widget-wrap elementor-element-populated\">\n\t\t\t\t\t\t<div class=\"elementor-element elementor-element-94bb174 elementor-view-default elementor-invisible elementor-widget elementor-widget-icon\" data-id=\"94bb174\" data-element_type=\"widget\" data-e-type=\"widget\" data-settings=\"{&quot;_animation&quot;:&quot;fadeInUp&quot;}\" data-widget_type=\"icon.default\">\n\t\t\t\t<div class=\"elementor-widget-container\">\n\t\t\t\t\t\t\t<div class=\"elementor-icon-wrapper\">\n\t\t\t<div class=\"elementor-icon\">\n\t\t\t<svg xmlns=\"http:\/\/www.w3.org\/2000\/svg\" id=\"a\" viewBox=\"0 0 383.26 383.27\"><path d=\"M383.26,250.01c-.69,2.45-1.42,4.89-2.07,7.35-2.45,9.3-6.98,17.54-12.82,25.08-6.62,8.55-14.56,15.71-23.61,21.62-27.1,17.7-54.2,35.41-81.33,53.06-5.32,3.46-10.65,6.94-16.22,9.94-8.74,4.71-18.18,7.12-28.09,8.12-12.54,1.26-24.45-.83-36.19-5.11-15.05-5.49-30.21-10.68-45.33-16-5.27-1.85-10.53-3.71-15.99-5.64-1.05,1-2.05,1.91-3.01,2.86-9.53,9.53-19.04,19.07-28.57,28.59-1.14,1.14-2.37,2.19-3.64,3.36-1.03,0-2.03,.06-3.01-.01-4.2-.32-6.69-4.9-4.6-8.53,.55-.95,1.39-1.76,2.18-2.55,11.19-11.21,22.41-22.4,33.59-33.63,1.45-1.46,2.95-2.67,5.92-3.02,4.74,1.63,10.26,3.5,15.76,5.43,17.82,6.24,35.61,12.54,53.44,18.74,7.81,2.72,15.89,4.24,24.15,3.92,12.15-.47,23.53-3.8,33.8-10.44,15.58-10.06,31.13-20.19,46.69-30.29,13.99-9.09,27.99-18.16,41.97-27.27,10.02-6.52,18.87-14.27,25.52-24.33,3.95-5.96,6.96-12.33,8.51-19.56h-15.68c-10.98,6.47-22.34,13.17-33.7,19.86-20.7,12.2-41.39,24.4-62.09,36.6-.11,.06-.22,.12-.32,.19-6.97,4.2-5.63,3.51-12.96,2.1-16.09-3.1-32.14-6.39-48.19-9.64-12.77-2.59-25.53-5.26-38.29-7.87-5.47-1.12-10.94-2.3-16.44-3.23-8.4-1.41-15.64-7.45-16.63-17.61-.84-8.57,4.68-17.24,13.81-19.79,2.24-.62,4.66-.78,7-.78,28.57-.05,57.14-.05,85.71,0,3.82,0,7.12-1,9.74-3.85,3.35-3.65,4.23-7.88,2.43-12.45-1.79-4.54-5.28-7.11-10.18-7.63-.99-.11-1.99-.04-2.99-.04-43.54,0-87.08,.06-130.62-.05-9.65-.02-17.63,3.26-24.42,10.08-21.31,21.39-42.72,42.67-64.1,63.99-.88,.88-1.73,1.82-2.72,2.57-2.47,1.86-5.73,1.63-7.86-.43-2.23-2.16-2.42-5.56-.41-8.14,.53-.69,1.19-1.28,1.81-1.89,21.59-21.64,43.2-43.25,64.75-64.93,5.94-5.98,12.84-10.14,21.08-12.05,3.66-.85,7.35-1.14,11.1-1.14,23.08,.04,46.16,.02,69.24,.02,21.21,0,42.42,.01,63.63,0,4.85,0,9.33,1.21,13.45,3.78,10.39,6.49,15.19,21.51,6.81,33.74-4.61,6.72-11.21,10.19-19.29,10.34-11.35,.2-22.7,.06-34.06,.06-17.47,0-34.93,0-52.4,0-.87,0-1.75-.05-2.62,.02-3.74,.29-6.46,3.12-6.55,6.83-.02,.99,.12,1.98,.17,2.74,1.4,2.91,3.54,4.22,6.48,4.79,12.18,2.36,24.34,4.89,36.5,7.34,11.8,2.38,23.61,4.71,35.41,7.09,10.22,2.06,20.43,4.18,30.65,6.25,.97,.2,1.98,.2,3.21,.31,5.45-3.2,11.03-6.46,16.61-9.74,18.14-10.65,36.28-21.3,54.42-31.96,8.05-4.73,16.07-9.51,24.13-14.21,5.34-3.11,5.37-3.06,10.82-3.71,.5-1.71,1.01-3.49,1.65-5.68-2.69,0-5.26,0-7.82-.01-2.49,0-4.99,0-7.5,0-8.99,5.36-17.96,10.72-26.96,16.04-1.26,.75-2.66,1.27-3.73,1.77-.97-.23-1.58-.36-2.17-.53-2.41-.68-3.83-2.25-4.09-4.76-.27-2.55,.44-4.63,2.8-6.03,6.21-3.67,12.39-7.42,18.58-11.13,2.88-1.73,5.8-3.4,8.65-5.19,2.02-1.27,4.02-2.48,6.7-2.2,1.23-3.95,2.4-7.72,3.65-11.74h-15.7c-6.18,3.68-12.92,7.69-19.65,11.7-2.67,1.59-5.33,3.21-8.01,4.8-2.26,1.34-4.5,1.17-6.66-.21-2.18-1.39-2.6-3.53-2.33-5.89,.23-2.03,1.43-3.32,3.15-4.34,6.22-3.67,12.4-7.4,18.59-11.11,3.1-1.86,6.21-3.68,9.27-5.6,1.63-1.03,3.31-1.57,5.27-1.55,7.36,.06,14.72-.01,22.08,.04,4.76,.03,7.12,2.54,6.72,7.31-.39,4.71-1.36,9.34-2.94,13.81-.28,.79-.5,1.59-.88,2.81,2.9,0,5.49,0,8.08,0,1,0,2.02-.07,2.99,.11,2.81,.51,4.85,2.84,4.76,5.85-.09,2.72-.6,5.43-.99,8.13-.18,1.2-.54,2.37-.89,3.88,1.88,0,3.63,.17,5.33-.03,3.66-.43,6.52,.73,8.6,3.78v6.74Z\"><\/path><path d=\"M116.04,0c.69,.44,1.34,1.02,2.09,1.29,15.8,5.6,31.63,11.12,48.03,14.73,4.35,.96,8.82,1.74,13.25,1.86,12.05,.35,22.59,4.55,31.91,11.92,10.25,8.11,15.01,15.12,20.58,29.46,.44-.59,.84-1.01,1.1-1.5,5.1-9.55,12.63-16.59,22.29-21.34,9.83-4.83,19.99-8.82,30.7-11.3,7.08-1.64,14.24-2.35,21.49-1.89,1.85,.12,3.72,.41,5.51,.87,2.84,.73,4.57,3.13,4.39,6.14-.12,1.97-.54,3.93-.93,5.88-1.6,8.17-2.98,16.37-3.64,24.68-.54,6.82-.9,13.65-1.52,20.46-1.04,11.46-6.45,20.5-15.67,27.27-6.94,5.1-14.82,8.06-23.2,9.7-4.64,.91-9.31,1.51-14.07,1.53-11.84,.03-20.45-5.39-26.22-15.49-1.65-2.88-2.8-6.04-4.26-9.23-.43,.72-.83,1.34-1.18,1.98-3.05,5.54-7.25,10.1-11.99,14.21-1.15,.99-2.38,1.67-3.96,1.89-6.64,.93-13.24,2.13-19.89,2.91-4.44,.53-8.94,.82-13.41,.71-15.83-.37-29.9-5.71-42.24-15.6-9.29-7.44-15.39-17.19-19.89-28.02-4.22-10.17-6.48-20.81-7.66-31.75-1.12-10.33-.79-20.66-.48-31,.05-1.85,.45-3.7,.69-5.55C108.15,2.51,110.06,1.42,111.54,0h4.49Zm94.02,99.34c3.87-3.35,6.43-7.6,8.38-12.19,2.31-5.43,3.75-11.16,2.98-17.08-1.46-11.25-6.24-20.89-14.77-28.54-7.99-7.17-17.37-10.93-28.05-11.61-2.98-.19-5.98-.37-8.9-.93-10.37-1.98-20.58-4.65-30.61-7.95-6.58-2.16-13.15-4.35-19.92-6.59-.06,.76-.14,1.37-.16,1.97-.27,11.34-.09,22.64,2.14,33.85,2,10.07,4.97,19.75,10.35,28.57,7.11,11.68,17.21,19.42,30.4,23.2,8.98,2.58,18.12,3.07,27.36,2.61,2.53-.13,5.05-.62,8.02-.99-.64-.84-.97-1.33-1.36-1.77-2.41-2.7-4.83-5.38-7.24-8.07-12.12-13.57-24.21-27.17-36.4-40.69-2.09-2.31-3.28-4.64-2.74-8.15l3.25-3.51c3.88-.28,6.27,1.04,8.44,3.52,7.32,8.33,14.74,16.58,22.16,24.83,8.83,9.82,17.7,19.61,26.66,29.53Zm71.3-32.43c-.61,1.19-1.1,2.48-1.88,3.57-7.64,10.76-15.34,21.48-23.01,32.23-.99,1.38-1.88,2.83-3.07,4.62,1.44,.19,2.38,.47,3.31,.42,3.6-.19,7.22-.26,10.78-.77,7.21-1.02,14.03-3.3,20.08-7.48,6.68-4.62,10.98-10.83,11.76-19.04,.7-7.3,.95-14.65,1.6-21.96,.43-4.82,1.3-9.6,1.85-14.41,.33-2.88,1.58-5.68,1.02-8.91-3.58,.32-6.93,.44-10.23,.94-12.4,1.9-24.11,5.87-35.05,12.06-5.52,3.13-9.98,7.39-13.5,12.66-5.36,8.01-7.1,16.91-6.12,26.36,.47,4.47,1.85,8.72,4.78,12.54,.8-.97,1.56-1.79,2.2-2.69,5.65-7.9,11.27-15.82,16.91-23.73,2.39-3.35,4.9-6.61,7.17-10.03,1.61-2.43,3.8-3.12,6.44-2.71,2.48,.38,3.94,1.96,4.46,4.41,.1,.49,.24,.96,.49,1.92Z\"><\/path><path d=\"M185.67,179.6c13.66,.25,25.39,4.96,35.24,14.22,1.9,1.78,3.59,3.82,5.18,5.88,2.28,2.95,1.83,6.53-.88,8.63-2.72,2.11-6.25,1.68-8.57-1.33-4.69-6.11-10.65-10.47-17.84-13.05-16.51-5.92-33.64-.11-43.68,12.45-1.05,1.31-2.14,2.44-3.72,2.97-2.22,.73-4.91-.17-6.38-2.04-1.59-2.03-1.88-4.82-.29-6.96,1.78-2.39,3.69-4.74,5.87-6.76,9.9-9.18,21.66-13.84,35.06-14.01Z\"><\/path><path d=\"M233.56,149.83c0,9.23,0,18.45,0,27.68,0,1,.07,2.01-.07,2.99-.42,3-2.95,5.13-5.95,5.12-3.01-.01-5.49-2.16-5.9-5.18-.1-.74-.06-1.49-.06-2.24,0-18.95,0-37.9,0-56.86,0-.75-.04-1.5,.05-2.24,.37-3.05,2.77-5.23,5.78-5.3,3.17-.08,5.74,2.15,6.1,5.36,.11,.99,.05,1.99,.05,2.99,0,9.23,0,18.45,0,27.68Z\"><\/path><path d=\"M241.74,191.64c8.28,.46,16.06,3.4,23.03,8.53,6.51,4.8,11.59,10.87,15.59,17.86,1.7,2.98,1.39,5.8-.75,7.85-2.92,2.79-7.19,2.1-9.45-1.66-2.71-4.51-5.87-8.65-9.81-12.14-5.76-5.09-12.36-8.39-20.16-8.41-4.19-.01-6.72-3.36-6.63-6.08,.11-3.71,2.67-5.95,7.04-5.95,.25,0,.5,0,1.15,0Z\"><\/path><path d=\"M273.8,230.59c9.96,.45,19.37,7.34,21.92,18.54,.36,1.57,.5,3.18,.69,4.78,.41,3.34-2.36,6.45-5.68,6.57-3.46,.12-6.01-2.19-6.24-5.99-.16-2.7-.87-5.15-2.54-7.26-2.28-2.87-5.23-4.55-8.96-4.7-.74-.03-1.51-.03-2.22-.24-2.75-.8-4.49-3.42-4.25-6.28,.23-2.84,2.4-5.07,5.29-5.41,.49-.06,1,0,1.99,0Z\"><\/path><\/svg>\t\t\t<\/div>\n\t\t<\/div>\n\t\t\t\t\t\t<\/div>\n\t\t\t\t<\/div>\n\t\t\t\t\t<\/div>\n\t\t<\/div>\n\t\t\t\t\t<\/div>\n\t\t<\/section>\n\t\t\t\t\t<\/div>\n\t\t<\/div>\n\t\t\t\t\t<\/div>\n\t\t<\/section>\n\t\t\t\t<section class=\"elementor-section elementor-top-section elementor-element elementor-element-50b553d elementor-section-content-middle elementor-section-boxed elementor-section-height-default elementor-section-height-default\" data-id=\"50b553d\" data-element_type=\"section\" data-e-type=\"section\" data-settings=\"{&quot;jet_parallax_layout_list&quot;:[]}\">\n\t\t\t\t\t\t<div class=\"elementor-container elementor-column-gap-default\">\n\t\t\t\t\t<div class=\"elementor-column elementor-col-50 elementor-top-column elementor-element elementor-element-4a52176\" data-id=\"4a52176\" data-element_type=\"column\" data-e-type=\"column\">\n\t\t\t<div class=\"elementor-widget-wrap elementor-element-populated\">\n\t\t\t\t\t\t<div class=\"elementor-element elementor-element-0408c7f elementor-widget elementor-widget-heading\" data-id=\"0408c7f\" data-element_type=\"widget\" data-e-type=\"widget\" data-widget_type=\"heading.default\">\n\t\t\t\t<div class=\"elementor-widget-container\">\n\t\t\t\t\t<h2 class=\"elementor-heading-title elementor-size-default\">Durabilit\u00e9\/RSE des fournisseurs<\/h2>\t\t\t\t<\/div>\n\t\t\t\t<\/div>\n\t\t\t\t<div class=\"elementor-element elementor-element-9aef164 elementor-widget elementor-widget-text-editor\" data-id=\"9aef164\" data-element_type=\"widget\" data-e-type=\"widget\" data-widget_type=\"text-editor.default\">\n\t\t\t\t<div class=\"elementor-widget-container\">\n\t\t\t\t\t\t\t\t\t<p>En collaboration avec nos fournisseurs, nous recherchons des opportunit\u00e9s pour obtenir un avantage concurrentiel gr\u00e2ce \u00e0 l&rsquo;utilisation de technologies &lsquo;vertes&rsquo;. De plus, nous \u00e9largissons notre assortiment avec des produits biologiques, \u00e9co-labellis\u00e9s, locaux et issus du commerce \u00e9quitable. Ainsi, nous nous effor\u00e7ons de contribuer \u00e0 un d\u00e9veloppement durable incluant la sant\u00e9 et le bien-\u00eatre de la soci\u00e9t\u00e9.<\/p>\t\t\t\t\t\t\t\t<\/div>\n\t\t\t\t<\/div>\n\t\t\t\t<div class=\"elementor-element elementor-element-1826bbb elementor-widget elementor-widget-button\" data-id=\"1826bbb\" data-element_type=\"widget\" data-e-type=\"widget\" data-widget_type=\"button.default\">\n\t\t\t\t<div class=\"elementor-widget-container\">\n\t\t\t\t\t\t\t\t\t<div class=\"elementor-button-wrapper\">\n\t\t\t\t\t<a class=\"elementor-button elementor-button-link elementor-size-sm\" href=\"https:\/\/smeding.nl\/fr\/durabilite\/\">\n\t\t\t\t\t\t<span class=\"elementor-button-content-wrapper\">\n\t\t\t\t\t\t<span class=\"elementor-button-icon\">\n\t\t\t\t<i aria-hidden=\"true\" class=\"fas fa-arrow-right\"><\/i>\t\t\t<\/span>\n\t\t\t\t\t\t\t\t\t<span class=\"elementor-button-text\">En savoir plus sur la durabilit\u00e9 ici<\/span>\n\t\t\t\t\t<\/span>\n\t\t\t\t\t<\/a>\n\t\t\t\t<\/div>\n\t\t\t\t\t\t\t\t<\/div>\n\t\t\t\t<\/div>\n\t\t\t\t\t<\/div>\n\t\t<\/div>\n\t\t\t\t<div class=\"elementor-column elementor-col-50 elementor-top-column elementor-element elementor-element-e2b72e8\" data-id=\"e2b72e8\" data-element_type=\"column\" data-e-type=\"column\">\n\t\t\t<div class=\"elementor-widget-wrap elementor-element-populated\">\n\t\t\t\t\t\t<div class=\"elementor-element elementor-element-e023793 elementor-widget elementor-widget-image\" data-id=\"e023793\" data-element_type=\"widget\" data-e-type=\"widget\" data-widget_type=\"image.default\">\n\t\t\t\t<div class=\"elementor-widget-container\">\n\t\t\t\t\t\t\t\t\t\t\t\t\t\t\t<img decoding=\"async\" width=\"1200\" height=\"800\" src=\"https:\/\/smeding.nl\/wp-content\/uploads\/2023\/08\/Untitled-design-16.png\" class=\"attachment-full size-full wp-image-2377\" alt=\"\" srcset=\"https:\/\/smeding.nl\/wp-content\/uploads\/2023\/08\/Untitled-design-16.png 1200w, https:\/\/smeding.nl\/wp-content\/uploads\/2023\/08\/Untitled-design-16-300x200.png 300w, https:\/\/smeding.nl\/wp-content\/uploads\/2023\/08\/Untitled-design-16-1024x683.png 1024w, https:\/\/smeding.nl\/wp-content\/uploads\/2023\/08\/Untitled-design-16-768x512.png 768w\" sizes=\"(max-width: 1200px) 100vw, 1200px\" \/>\t\t\t\t\t\t\t\t\t\t\t\t\t\t\t<\/div>\n\t\t\t\t<\/div>\n\t\t\t\t\t<\/div>\n\t\t<\/div>\n\t\t\t\t\t<\/div>\n\t\t<\/section>\n\t\t\t\t<section class=\"elementor-section elementor-top-section elementor-element elementor-element-b188557 elementor-section-content-middle elementor-reverse-mobile elementor-section-boxed elementor-section-height-default elementor-section-height-default\" data-id=\"b188557\" data-element_type=\"section\" data-e-type=\"section\" data-settings=\"{&quot;jet_parallax_layout_list&quot;:[]}\">\n\t\t\t\t\t\t<div class=\"elementor-container elementor-column-gap-default\">\n\t\t\t\t\t<div class=\"elementor-column elementor-col-50 elementor-top-column elementor-element elementor-element-c7159fc\" data-id=\"c7159fc\" data-element_type=\"column\" data-e-type=\"column\">\n\t\t\t<div class=\"elementor-widget-wrap elementor-element-populated\">\n\t\t\t\t\t\t<div class=\"elementor-element elementor-element-4a514f7 elementor-widget elementor-widget-image\" data-id=\"4a514f7\" data-element_type=\"widget\" data-e-type=\"widget\" data-widget_type=\"image.default\">\n\t\t\t\t<div class=\"elementor-widget-container\">\n\t\t\t\t\t\t\t\t\t\t\t\t\t\t\t<img decoding=\"async\" width=\"800\" height=\"534\" src=\"https:\/\/smeding.nl\/wp-content\/uploads\/2022\/03\/zonnepanelen-1024x683.jpg\" class=\"attachment-large size-large wp-image-2297\" alt=\"\" srcset=\"https:\/\/smeding.nl\/wp-content\/uploads\/2022\/03\/zonnepanelen-1024x683.jpg 1024w, https:\/\/smeding.nl\/wp-content\/uploads\/2022\/03\/zonnepanelen-300x200.jpg 300w, https:\/\/smeding.nl\/wp-content\/uploads\/2022\/03\/zonnepanelen-768x513.jpg 768w, https:\/\/smeding.nl\/wp-content\/uploads\/2022\/03\/zonnepanelen.jpg 1440w\" sizes=\"(max-width: 800px) 100vw, 800px\" \/>\t\t\t\t\t\t\t\t\t\t\t\t\t\t\t<\/div>\n\t\t\t\t<\/div>\n\t\t\t\t\t<\/div>\n\t\t<\/div>\n\t\t\t\t<div class=\"elementor-column elementor-col-50 elementor-top-column elementor-element elementor-element-678088b\" data-id=\"678088b\" data-element_type=\"column\" data-e-type=\"column\">\n\t\t\t<div class=\"elementor-widget-wrap elementor-element-populated\">\n\t\t\t\t\t\t<div class=\"elementor-element elementor-element-6cf3fb7 elementor-widget elementor-widget-heading\" data-id=\"6cf3fb7\" data-element_type=\"widget\" data-e-type=\"widget\" data-widget_type=\"heading.default\">\n\t\t\t\t<div class=\"elementor-widget-container\">\n\t\t\t\t\t<h2 class=\"elementor-heading-title elementor-size-default\">Am\u00e9lioration continue<\/h2>\t\t\t\t<\/div>\n\t\t\t\t<\/div>\n\t\t\t\t<div class=\"elementor-element elementor-element-512133b elementor-widget elementor-widget-text-editor\" data-id=\"512133b\" data-element_type=\"widget\" data-e-type=\"widget\" data-widget_type=\"text-editor.default\">\n\t\t\t\t<div class=\"elementor-widget-container\">\n\t\t\t\t\t\t\t\t\t<p>Nous travaillons \u00e0 une r\u00e9duction structurelle de notre impact environnemental. Ceci est important pour nous. Chaque ann\u00e9e, nous formulons des objectifs d\u00e9partementaux et nous nous effor\u00e7ons de discuter trimestriellement des progr\u00e8s r\u00e9alis\u00e9s avec la direction et l&rsquo;\u00e9quipe de gestion.<\/p>\t\t\t\t\t\t\t\t<\/div>\n\t\t\t\t<\/div>\n\t\t\t\t<div class=\"elementor-element elementor-element-0a6ccb0 elementor-widget elementor-widget-button\" data-id=\"0a6ccb0\" data-element_type=\"widget\" data-e-type=\"widget\" data-widget_type=\"button.default\">\n\t\t\t\t<div class=\"elementor-widget-container\">\n\t\t\t\t\t\t\t\t\t<div class=\"elementor-button-wrapper\">\n\t\t\t\t\t<a class=\"elementor-button elementor-button-link elementor-size-sm\" href=\"https:\/\/smeding.nl\/fr\/a-propos-de-smeding\/certifications\/\">\n\t\t\t\t\t\t<span class=\"elementor-button-content-wrapper\">\n\t\t\t\t\t\t<span class=\"elementor-button-icon\">\n\t\t\t\t<i aria-hidden=\"true\" class=\"fas fa-arrow-right\"><\/i>\t\t\t<\/span>\n\t\t\t\t\t\t\t\t\t<span class=\"elementor-button-text\">Consultez nos certifications<\/span>\n\t\t\t\t\t<\/span>\n\t\t\t\t\t<\/a>\n\t\t\t\t<\/div>\n\t\t\t\t\t\t\t\t<\/div>\n\t\t\t\t<\/div>\n\t\t\t\t\t<\/div>\n\t\t<\/div>\n\t\t\t\t\t<\/div>\n\t\t<\/section>\n\t\t\t\t<\/div>\n\t\t","protected":false},"excerpt":{"rendered":"<p>\u00c0 propos de Smeding Responsabilit\u00e9 Soci\u00e9tale des Entreprises Smeding est consciente de son r\u00f4le dans la soci\u00e9t\u00e9. En tant que l&rsquo;un des principaux partenaires commerciaux dans le secteur des Pommes de terre, L\u00e9gumes et Fruits (PLF) aux Pays-Bas, nous souhaitons montrer l&rsquo;exemple. Les objectifs de notre politique qualit\u00e9 s&rsquo;articulent autour de plusieurs piliers. Respect de [&hellip;]<\/p>\n","protected":false},"author":1,"featured_media":0,"parent":2533,"menu_order":0,"comment_status":"closed","ping_status":"closed","template":"","meta":{"_acf_changed":false,"footnotes":""},"class_list":["post-2504","page","type-page","status-publish","hentry"],"acf":[],"_links":{"self":[{"href":"https:\/\/smeding.nl\/fr\/wp-json\/wp\/v2\/pages\/2504","targetHints":{"allow":["GET"]}}],"collection":[{"href":"https:\/\/smeding.nl\/fr\/wp-json\/wp\/v2\/pages"}],"about":[{"href":"https:\/\/smeding.nl\/fr\/wp-json\/wp\/v2\/types\/page"}],"author":[{"embeddable":true,"href":"https:\/\/smeding.nl\/fr\/wp-json\/wp\/v2\/users\/1"}],"replies":[{"embeddable":true,"href":"https:\/\/smeding.nl\/fr\/wp-json\/wp\/v2\/comments?post=2504"}],"version-history":[{"count":3,"href":"https:\/\/smeding.nl\/fr\/wp-json\/wp\/v2\/pages\/2504\/revisions"}],"predecessor-version":[{"id":2793,"href":"https:\/\/smeding.nl\/fr\/wp-json\/wp\/v2\/pages\/2504\/revisions\/2793"}],"up":[{"embeddable":true,"href":"https:\/\/smeding.nl\/fr\/wp-json\/wp\/v2\/pages\/2533"}],"wp:attachment":[{"href":"https:\/\/smeding.nl\/fr\/wp-json\/wp\/v2\/media?parent=2504"}],"curies":[{"name":"wp","href":"https:\/\/api.w.org\/{rel}","templated":true}]}}