{"id":2545,"date":"2022-02-20T23:38:14","date_gmt":"2022-02-20T22:38:14","guid":{"rendered":"https:\/\/smeding.nl\/ueber-smeding\/"},"modified":"2025-05-16T12:03:55","modified_gmt":"2025-05-16T10:03:55","slug":"ueber-smeding","status":"publish","type":"page","link":"https:\/\/smeding.nl\/de\/ueber-smeding\/","title":{"rendered":"\u00dcber Smeding"},"content":{"rendered":"\t\t<div data-elementor-type=\"wp-page\" data-elementor-id=\"2545\" class=\"elementor elementor-2545 elementor-38\" data-elementor-post-type=\"page\">\n\t\t\t\t\t\t<section class=\"elementor-section elementor-top-section elementor-element elementor-element-a76b6bc elementor-section-boxed elementor-section-height-default elementor-section-height-default\" data-id=\"a76b6bc\" data-element_type=\"section\" data-e-type=\"section\" data-settings=\"{&quot;jet_parallax_layout_list&quot;:[]}\">\n\t\t\t\t\t\t<div class=\"elementor-container elementor-column-gap-default\">\n\t\t\t\t\t<div class=\"elementor-column elementor-col-100 elementor-top-column elementor-element elementor-element-d8ae1e2\" data-id=\"d8ae1e2\" data-element_type=\"column\" data-e-type=\"column\" data-settings=\"{&quot;background_background&quot;:&quot;classic&quot;}\">\n\t\t\t<div class=\"elementor-widget-wrap elementor-element-populated\">\n\t\t\t\t\t\t<div class=\"elementor-element elementor-element-5af92e2 elementor-widget elementor-widget-heading\" data-id=\"5af92e2\" data-element_type=\"widget\" data-e-type=\"widget\" data-widget_type=\"heading.default\">\n\t\t\t\t<div class=\"elementor-widget-container\">\n\t\t\t\t\t<h1 class=\"elementor-heading-title elementor-size-default\">\u00dcber Smeding<\/h1>\t\t\t\t<\/div>\n\t\t\t\t<\/div>\n\t\t\t\t<div class=\"elementor-element elementor-element-bf229bc elementor-widget elementor-widget-heading\" data-id=\"bf229bc\" data-element_type=\"widget\" data-e-type=\"widget\" data-widget_type=\"heading.default\">\n\t\t\t\t<div class=\"elementor-widget-container\">\n\t\t\t\t\t<h4 class=\"elementor-heading-title elementor-size-default\">Als Obst- und Gem\u00fcsespezialist und Kettenregisseur bieten wir unseren Kunden im Foodservice, Lebensmitteleinzelhandel und Online-Lebensmitteleinzelhandel hochwertige Produkte, indem wir unser umfangreiches Netzwerk von Erzeugern und Lieferanten nutzen. Um eine schnelle Lieferung zu gew\u00e4hrleisten, operieren wir von drei Distributionszentren aus: Geldermalsen (NL), Sint Annaparochie (NL) und Breda (NL). <\/h4>\t\t\t\t<\/div>\n\t\t\t\t<\/div>\n\t\t\t\t<div class=\"elementor-element elementor-element-ea18853 elementor-widget elementor-widget-heading\" data-id=\"ea18853\" data-element_type=\"widget\" data-e-type=\"widget\" data-widget_type=\"heading.default\">\n\t\t\t\t<div class=\"elementor-widget-container\">\n\t\t\t\t\t<h4 class=\"elementor-heading-title elementor-size-default\">Die reiche Geschichte von Smeding begann 1934 in einem kleinen Dorf in Friesland. In 90 Jahren hat sich viel ver\u00e4ndert, aber das Familiengef\u00fchl ist immer noch da. <\/h4>\t\t\t\t<\/div>\n\t\t\t\t<\/div>\n\t\t\t\t\t<\/div>\n\t\t<\/div>\n\t\t\t\t\t<\/div>\n\t\t<\/section>\n\t\t\t\t<section class=\"elementor-section elementor-top-section elementor-element elementor-element-8f23840 elementor-section-content-middle elementor-section-boxed elementor-section-height-default elementor-section-height-default\" data-id=\"8f23840\" data-element_type=\"section\" data-e-type=\"section\" data-settings=\"{&quot;jet_parallax_layout_list&quot;:[]}\">\n\t\t\t\t\t\t<div class=\"elementor-container elementor-column-gap-default\">\n\t\t\t\t\t<div class=\"elementor-column elementor-col-100 elementor-top-column elementor-element elementor-element-1527950\" data-id=\"1527950\" data-element_type=\"column\" data-e-type=\"column\">\n\t\t\t<div class=\"elementor-widget-wrap elementor-element-populated\">\n\t\t\t\t\t\t<section class=\"elementor-section elementor-inner-section elementor-element elementor-element-94d3bd0 elementor-section-boxed elementor-section-height-default elementor-section-height-default\" data-id=\"94d3bd0\" data-element_type=\"section\" data-e-type=\"section\" data-settings=\"{&quot;jet_parallax_layout_list&quot;:[]}\">\n\t\t\t\t\t\t<div class=\"elementor-container elementor-column-gap-default\">\n\t\t\t\t\t<div class=\"elementor-column elementor-col-50 elementor-inner-column elementor-element elementor-element-082bc1d\" data-id=\"082bc1d\" data-element_type=\"column\" data-e-type=\"column\">\n\t\t\t<div class=\"elementor-widget-wrap elementor-element-populated\">\n\t\t\t\t\t\t<div class=\"elementor-element elementor-element-0d2b24a elementor-widget elementor-widget-image\" data-id=\"0d2b24a\" data-element_type=\"widget\" data-e-type=\"widget\" data-widget_type=\"image.default\">\n\t\t\t\t<div class=\"elementor-widget-container\">\n\t\t\t\t\t\t\t\t\t\t\t\t\t\t\t<img fetchpriority=\"high\" decoding=\"async\" width=\"800\" height=\"600\" src=\"https:\/\/smeding.nl\/wp-content\/uploads\/2025\/05\/initiatiefrijk-1024x768.jpg\" class=\"attachment-large size-large wp-image-2773\" alt=\"\" srcset=\"https:\/\/smeding.nl\/wp-content\/uploads\/2025\/05\/initiatiefrijk-1024x768.jpg 1024w, https:\/\/smeding.nl\/wp-content\/uploads\/2025\/05\/initiatiefrijk-300x225.jpg 300w, https:\/\/smeding.nl\/wp-content\/uploads\/2025\/05\/initiatiefrijk-768x576.jpg 768w, https:\/\/smeding.nl\/wp-content\/uploads\/2025\/05\/initiatiefrijk-1536x1152.jpg 1536w, https:\/\/smeding.nl\/wp-content\/uploads\/2025\/05\/initiatiefrijk.jpg 1600w\" sizes=\"(max-width: 800px) 100vw, 800px\" \/>\t\t\t\t\t\t\t\t\t\t\t\t\t\t\t<\/div>\n\t\t\t\t<\/div>\n\t\t\t\t<div class=\"elementor-element elementor-element-61a420e elementor-widget elementor-widget-heading\" data-id=\"61a420e\" data-element_type=\"widget\" data-e-type=\"widget\" data-widget_type=\"heading.default\">\n\t\t\t\t<div class=\"elementor-widget-container\">\n\t\t\t\t\t<h2 class=\"elementor-heading-title elementor-size-default\">\u00dcber uns<\/h2>\t\t\t\t<\/div>\n\t\t\t\t<\/div>\n\t\t\t\t<div class=\"elementor-element elementor-element-93e2e67 elementor-widget elementor-widget-text-editor\" data-id=\"93e2e67\" data-element_type=\"widget\" data-e-type=\"widget\" data-widget_type=\"text-editor.default\">\n\t\t\t\t<div class=\"elementor-widget-container\">\n\t\t\t\t\t\t\t\t\t<p>Bei Smeding schauen wir nach vorn. Der Markt ver\u00e4ndert sich st\u00e4ndig, und wir ver\u00e4ndern uns mit ihm. Zugleich bleiben wir unserem eigenen Kurs treu. Denn, wie wir es ausdr\u00fccken <strong>: &#8222;Man kann nicht mit dem Wind von gestern segeln.&#8220;<\/strong>   <\/p>\t\t\t\t\t\t\t\t<\/div>\n\t\t\t\t<\/div>\n\t\t\t\t<div class=\"elementor-element elementor-element-c5f5f3a elementor-widget elementor-widget-button\" data-id=\"c5f5f3a\" data-element_type=\"widget\" data-e-type=\"widget\" data-widget_type=\"button.default\">\n\t\t\t\t<div class=\"elementor-widget-container\">\n\t\t\t\t\t\t\t\t\t<div class=\"elementor-button-wrapper\">\n\t\t\t\t\t<a class=\"elementor-button elementor-button-link elementor-size-sm\" href=\"https:\/\/smeding.nl\/de\/ueber-smeding\/ueber-uns\/\">\n\t\t\t\t\t\t<span class=\"elementor-button-content-wrapper\">\n\t\t\t\t\t\t<span class=\"elementor-button-icon\">\n\t\t\t\t<i aria-hidden=\"true\" class=\"fas fa-arrow-right\"><\/i>\t\t\t<\/span>\n\t\t\t\t\t\t\t\t\t<span class=\"elementor-button-text\">Weiterlesen<\/span>\n\t\t\t\t\t<\/span>\n\t\t\t\t\t<\/a>\n\t\t\t\t<\/div>\n\t\t\t\t\t\t\t\t<\/div>\n\t\t\t\t<\/div>\n\t\t\t\t\t<\/div>\n\t\t<\/div>\n\t\t\t\t<div class=\"elementor-column elementor-col-50 elementor-inner-column elementor-element elementor-element-dbdeb94\" data-id=\"dbdeb94\" data-element_type=\"column\" data-e-type=\"column\">\n\t\t\t<div class=\"elementor-widget-wrap elementor-element-populated\">\n\t\t\t\t\t\t<div class=\"elementor-element elementor-element-8cd7875 elementor-widget elementor-widget-image\" data-id=\"8cd7875\" data-element_type=\"widget\" data-e-type=\"widget\" data-widget_type=\"image.default\">\n\t\t\t\t<div class=\"elementor-widget-container\">\n\t\t\t\t\t\t\t\t\t\t\t\t\t\t\t<img decoding=\"async\" width=\"800\" height=\"531\" src=\"https:\/\/smeding.nl\/wp-content\/uploads\/2022\/02\/Teler_It_Wiid_s-1024x680.jpg\" class=\"attachment-large size-large wp-image-2046\" alt=\"\" srcset=\"https:\/\/smeding.nl\/wp-content\/uploads\/2022\/02\/Teler_It_Wiid_s-1024x680.jpg 1024w, https:\/\/smeding.nl\/wp-content\/uploads\/2022\/02\/Teler_It_Wiid_s-300x199.jpg 300w, https:\/\/smeding.nl\/wp-content\/uploads\/2022\/02\/Teler_It_Wiid_s-768x510.jpg 768w, https:\/\/smeding.nl\/wp-content\/uploads\/2022\/02\/Teler_It_Wiid_s-1536x1020.jpg 1536w, https:\/\/smeding.nl\/wp-content\/uploads\/2022\/02\/Teler_It_Wiid_s.jpg 2000w\" sizes=\"(max-width: 800px) 100vw, 800px\" \/>\t\t\t\t\t\t\t\t\t\t\t\t\t\t\t<\/div>\n\t\t\t\t<\/div>\n\t\t\t\t<div class=\"elementor-element elementor-element-dba8fa2 elementor-widget elementor-widget-heading\" data-id=\"dba8fa2\" data-element_type=\"widget\" data-e-type=\"widget\" data-widget_type=\"heading.default\">\n\t\t\t\t<div class=\"elementor-widget-container\">\n\t\t\t\t\t<h2 class=\"elementor-heading-title elementor-size-default\">CSR<\/h2>\t\t\t\t<\/div>\n\t\t\t\t<\/div>\n\t\t\t\t<div class=\"elementor-element elementor-element-129f8b7 elementor-widget elementor-widget-text-editor\" data-id=\"129f8b7\" data-element_type=\"widget\" data-e-type=\"widget\" data-widget_type=\"text-editor.default\">\n\t\t\t\t<div class=\"elementor-widget-container\">\n\t\t\t\t\t\t\t\t\t<p>Wir haben ein klares Ziel vor Augen: nachhaltiges Wachstum in der Welt des Obst- und Gem\u00fcsehandels zu erm\u00f6glichen. Nachhaltiges Wachstum f\u00fcr unsere Erzeuger, Kunden und Mitarbeiter. <\/p>\t\t\t\t\t\t\t\t<\/div>\n\t\t\t\t<\/div>\n\t\t\t\t<div class=\"elementor-element elementor-element-71b7898 elementor-widget elementor-widget-button\" data-id=\"71b7898\" data-element_type=\"widget\" data-e-type=\"widget\" data-widget_type=\"button.default\">\n\t\t\t\t<div class=\"elementor-widget-container\">\n\t\t\t\t\t\t\t\t\t<div class=\"elementor-button-wrapper\">\n\t\t\t\t\t<a class=\"elementor-button elementor-button-link elementor-size-sm\" href=\"https:\/\/smeding.nl\/de\/ueber-smeding\/csr\/\">\n\t\t\t\t\t\t<span class=\"elementor-button-content-wrapper\">\n\t\t\t\t\t\t<span class=\"elementor-button-icon\">\n\t\t\t\t<i aria-hidden=\"true\" class=\"fas fa-arrow-right\"><\/i>\t\t\t<\/span>\n\t\t\t\t\t\t\t\t\t<span class=\"elementor-button-text\">Weiterlesen<\/span>\n\t\t\t\t\t<\/span>\n\t\t\t\t\t<\/a>\n\t\t\t\t<\/div>\n\t\t\t\t\t\t\t\t<\/div>\n\t\t\t\t<\/div>\n\t\t\t\t\t<\/div>\n\t\t<\/div>\n\t\t\t\t\t<\/div>\n\t\t<\/section>\n\t\t\t\t<section class=\"elementor-section elementor-inner-section elementor-element elementor-element-df00166 elementor-section-boxed elementor-section-height-default elementor-section-height-default\" data-id=\"df00166\" data-element_type=\"section\" data-e-type=\"section\" data-settings=\"{&quot;jet_parallax_layout_list&quot;:[]}\">\n\t\t\t\t\t\t<div class=\"elementor-container elementor-column-gap-default\">\n\t\t\t\t\t<div class=\"elementor-column elementor-col-50 elementor-inner-column elementor-element elementor-element-ced3992\" data-id=\"ced3992\" data-element_type=\"column\" data-e-type=\"column\">\n\t\t\t<div class=\"elementor-widget-wrap elementor-element-populated\">\n\t\t\t\t\t\t<div class=\"elementor-element elementor-element-872998f elementor-widget elementor-widget-image\" data-id=\"872998f\" data-element_type=\"widget\" data-e-type=\"widget\" data-widget_type=\"image.default\">\n\t\t\t\t<div class=\"elementor-widget-container\">\n\t\t\t\t\t\t\t\t\t\t\t\t\t\t\t<img decoding=\"async\" width=\"800\" height=\"534\" src=\"https:\/\/smeding.nl\/wp-content\/uploads\/2022\/02\/citrus-zonder-plank-2-1024x684.jpg\" class=\"attachment-large size-large wp-image-2022\" alt=\"\" srcset=\"https:\/\/smeding.nl\/wp-content\/uploads\/2022\/02\/citrus-zonder-plank-2-1024x684.jpg 1024w, https:\/\/smeding.nl\/wp-content\/uploads\/2022\/02\/citrus-zonder-plank-2-300x200.jpg 300w, https:\/\/smeding.nl\/wp-content\/uploads\/2022\/02\/citrus-zonder-plank-2-768x513.jpg 768w, https:\/\/smeding.nl\/wp-content\/uploads\/2022\/02\/citrus-zonder-plank-2.jpg 1200w\" sizes=\"(max-width: 800px) 100vw, 800px\" \/>\t\t\t\t\t\t\t\t\t\t\t\t\t\t\t<\/div>\n\t\t\t\t<\/div>\n\t\t\t\t<div class=\"elementor-element elementor-element-2ddb3dd elementor-widget elementor-widget-heading\" data-id=\"2ddb3dd\" data-element_type=\"widget\" data-e-type=\"widget\" data-widget_type=\"heading.default\">\n\t\t\t\t<div class=\"elementor-widget-container\">\n\t\t\t\t\t<h2 class=\"elementor-heading-title elementor-size-default\">Unser Sortiment<\/h2>\t\t\t\t<\/div>\n\t\t\t\t<\/div>\n\t\t\t\t<div class=\"elementor-element elementor-element-221eae3 elementor-widget elementor-widget-text-editor\" data-id=\"221eae3\" data-element_type=\"widget\" data-e-type=\"widget\" data-widget_type=\"text-editor.default\">\n\t\t\t\t<div class=\"elementor-widget-container\">\n\t\t\t\t\t\t\t\t\t<p>Smeding verf\u00fcgt \u00fcber ein umfassendes Sortiment von \u00fcber 1.800 Sorten Kartoffeln, Gem\u00fcse und Obst. Nat\u00fcrlich alle g\u00e4ngigen Sorten. Aber auch besondere exotische Fr\u00fcchte, Meeresgem\u00fcse sowie spezielle Keime und Kresse.  <\/p>\t\t\t\t\t\t\t\t<\/div>\n\t\t\t\t<\/div>\n\t\t\t\t<div class=\"elementor-element elementor-element-13c67d1 elementor-widget elementor-widget-button\" data-id=\"13c67d1\" data-element_type=\"widget\" data-e-type=\"widget\" data-widget_type=\"button.default\">\n\t\t\t\t<div class=\"elementor-widget-container\">\n\t\t\t\t\t\t\t\t\t<div class=\"elementor-button-wrapper\">\n\t\t\t\t\t<a class=\"elementor-button elementor-button-link elementor-size-sm\" href=\"https:\/\/smeding.nl\/de\/ueber-smeding\/unser-sortiment\/\">\n\t\t\t\t\t\t<span class=\"elementor-button-content-wrapper\">\n\t\t\t\t\t\t<span class=\"elementor-button-icon\">\n\t\t\t\t<i aria-hidden=\"true\" class=\"fas fa-arrow-right\"><\/i>\t\t\t<\/span>\n\t\t\t\t\t\t\t\t\t<span class=\"elementor-button-text\">Weiterlesen<\/span>\n\t\t\t\t\t<\/span>\n\t\t\t\t\t<\/a>\n\t\t\t\t<\/div>\n\t\t\t\t\t\t\t\t<\/div>\n\t\t\t\t<\/div>\n\t\t\t\t\t<\/div>\n\t\t<\/div>\n\t\t\t\t<div class=\"elementor-column elementor-col-50 elementor-inner-column elementor-element elementor-element-b60f48e\" data-id=\"b60f48e\" data-element_type=\"column\" data-e-type=\"column\">\n\t\t\t<div class=\"elementor-widget-wrap elementor-element-populated\">\n\t\t\t\t\t\t<div class=\"elementor-element elementor-element-305335f elementor-widget elementor-widget-image\" data-id=\"305335f\" data-element_type=\"widget\" data-e-type=\"widget\" data-widget_type=\"image.default\">\n\t\t\t\t<div class=\"elementor-widget-container\">\n\t\t\t\t\t\t\t\t\t\t\t\t\t\t\t<img loading=\"lazy\" decoding=\"async\" width=\"800\" height=\"531\" src=\"https:\/\/smeding.nl\/wp-content\/uploads\/2022\/02\/smeding-kam-smaaktest-1024x680.jpg\" class=\"attachment-large size-large wp-image-2130\" alt=\"\" srcset=\"https:\/\/smeding.nl\/wp-content\/uploads\/2022\/02\/smeding-kam-smaaktest-1024x680.jpg 1024w, https:\/\/smeding.nl\/wp-content\/uploads\/2022\/02\/smeding-kam-smaaktest-300x199.jpg 300w, https:\/\/smeding.nl\/wp-content\/uploads\/2022\/02\/smeding-kam-smaaktest-768x510.jpg 768w, https:\/\/smeding.nl\/wp-content\/uploads\/2022\/02\/smeding-kam-smaaktest-1536x1020.jpg 1536w, https:\/\/smeding.nl\/wp-content\/uploads\/2022\/02\/smeding-kam-smaaktest.jpg 1920w\" sizes=\"(max-width: 800px) 100vw, 800px\" \/>\t\t\t\t\t\t\t\t\t\t\t\t\t\t\t<\/div>\n\t\t\t\t<\/div>\n\t\t\t\t<div class=\"elementor-element elementor-element-acc9f86 elementor-widget elementor-widget-heading\" data-id=\"acc9f86\" data-element_type=\"widget\" data-e-type=\"widget\" data-widget_type=\"heading.default\">\n\t\t\t\t<div class=\"elementor-widget-container\">\n\t\t\t\t\t<h2 class=\"elementor-heading-title elementor-size-default\">Zertifizierungen<\/h2>\t\t\t\t<\/div>\n\t\t\t\t<\/div>\n\t\t\t\t<div class=\"elementor-element elementor-element-8046ba6 elementor-widget elementor-widget-text-editor\" data-id=\"8046ba6\" data-element_type=\"widget\" data-e-type=\"widget\" data-widget_type=\"text-editor.default\">\n\t\t\t\t<div class=\"elementor-widget-container\">\n\t\t\t\t\t\t\t\t\t<p>Verschiedene Zertifizierungen garantieren die Qualit\u00e4t unserer Produkte, Dienstleistungen, Gesch\u00e4ftsabl\u00e4ufe und Prozesse. Auch unsere Erzeuger und Lieferanten verf\u00fcgen \u00fcber Zertifikate f\u00fcr Qualit\u00e4tsanforderungen. <\/p>\t\t\t\t\t\t\t\t<\/div>\n\t\t\t\t<\/div>\n\t\t\t\t<div class=\"elementor-element elementor-element-88109f2 elementor-widget elementor-widget-button\" data-id=\"88109f2\" data-element_type=\"widget\" data-e-type=\"widget\" data-widget_type=\"button.default\">\n\t\t\t\t<div class=\"elementor-widget-container\">\n\t\t\t\t\t\t\t\t\t<div class=\"elementor-button-wrapper\">\n\t\t\t\t\t<a class=\"elementor-button elementor-button-link elementor-size-sm\" href=\"https:\/\/smeding.nl\/de\/ueber-smeding\/zertifizierungen\/\">\n\t\t\t\t\t\t<span class=\"elementor-button-content-wrapper\">\n\t\t\t\t\t\t<span class=\"elementor-button-icon\">\n\t\t\t\t<i aria-hidden=\"true\" class=\"fas fa-arrow-right\"><\/i>\t\t\t<\/span>\n\t\t\t\t\t\t\t\t\t<span class=\"elementor-button-text\">Weiterlesen<\/span>\n\t\t\t\t\t<\/span>\n\t\t\t\t\t<\/a>\n\t\t\t\t<\/div>\n\t\t\t\t\t\t\t\t<\/div>\n\t\t\t\t<\/div>\n\t\t\t\t\t<\/div>\n\t\t<\/div>\n\t\t\t\t\t<\/div>\n\t\t<\/section>\n\t\t\t\t\t<\/div>\n\t\t<\/div>\n\t\t\t\t\t<\/div>\n\t\t<\/section>\n\t\t\t\t<\/div>\n\t\t","protected":false},"excerpt":{"rendered":"<p>\u00dcber Smeding Als Obst- und Gem\u00fcsespezialist und Kettenregisseur bieten wir unseren Kunden im Foodservice, Lebensmitteleinzelhandel und Online-Lebensmitteleinzelhandel hochwertige Produkte, indem wir unser umfangreiches Netzwerk von Erzeugern und Lieferanten nutzen. Um eine schnelle Lieferung zu gew\u00e4hrleisten, operieren wir von drei Distributionszentren aus: Geldermalsen (NL), Sint Annaparochie (NL) und Breda (NL). Die reiche Geschichte von Smeding begann [&hellip;]<\/p>\n","protected":false},"author":1,"featured_media":0,"parent":0,"menu_order":0,"comment_status":"closed","ping_status":"closed","template":"","meta":{"_acf_changed":false,"footnotes":""},"class_list":["post-2545","page","type-page","status-publish","hentry"],"acf":[],"_links":{"self":[{"href":"https:\/\/smeding.nl\/de\/wp-json\/wp\/v2\/pages\/2545","targetHints":{"allow":["GET"]}}],"collection":[{"href":"https:\/\/smeding.nl\/de\/wp-json\/wp\/v2\/pages"}],"about":[{"href":"https:\/\/smeding.nl\/de\/wp-json\/wp\/v2\/types\/page"}],"author":[{"embeddable":true,"href":"https:\/\/smeding.nl\/de\/wp-json\/wp\/v2\/users\/1"}],"replies":[{"embeddable":true,"href":"https:\/\/smeding.nl\/de\/wp-json\/wp\/v2\/comments?post=2545"}],"version-history":[{"count":7,"href":"https:\/\/smeding.nl\/de\/wp-json\/wp\/v2\/pages\/2545\/revisions"}],"predecessor-version":[{"id":2847,"href":"https:\/\/smeding.nl\/de\/wp-json\/wp\/v2\/pages\/2545\/revisions\/2847"}],"wp:attachment":[{"href":"https:\/\/smeding.nl\/de\/wp-json\/wp\/v2\/media?parent=2545"}],"curies":[{"name":"wp","href":"https:\/\/api.w.org\/{rel}","templated":true}]}}