{"id":2521,"date":"2022-02-21T10:55:06","date_gmt":"2022-02-21T09:55:06","guid":{"rendered":"https:\/\/smeding.nl\/zertifizierungen\/"},"modified":"2025-11-18T13:08:21","modified_gmt":"2025-11-18T12:08:21","slug":"zertifizierungen","status":"publish","type":"page","link":"https:\/\/smeding.nl\/de\/ueber-smeding\/zertifizierungen\/","title":{"rendered":"Zertifizierungen"},"content":{"rendered":"\t\t<div data-elementor-type=\"wp-page\" data-elementor-id=\"2521\" class=\"elementor elementor-2521 elementor-85\" data-elementor-post-type=\"page\">\n\t\t\t\t\t\t<section class=\"elementor-section elementor-top-section elementor-element elementor-element-c49b09d elementor-section-boxed elementor-section-height-default elementor-section-height-default\" data-id=\"c49b09d\" data-element_type=\"section\" data-e-type=\"section\" data-settings=\"{&quot;jet_parallax_layout_list&quot;:[]}\">\n\t\t\t\t\t\t<div class=\"elementor-container elementor-column-gap-default\">\n\t\t\t\t\t<div class=\"elementor-column elementor-col-100 elementor-top-column elementor-element elementor-element-6f8c4b5\" data-id=\"6f8c4b5\" data-element_type=\"column\" data-e-type=\"column\" data-settings=\"{&quot;background_background&quot;:&quot;classic&quot;}\">\n\t\t\t<div class=\"elementor-widget-wrap elementor-element-populated\">\n\t\t\t\t\t\t<div class=\"elementor-element elementor-element-bcbe6c1 elementor-widget elementor-widget-heading\" data-id=\"bcbe6c1\" data-element_type=\"widget\" data-e-type=\"widget\" data-widget_type=\"heading.default\">\n\t\t\t\t<div class=\"elementor-widget-container\">\n\t\t\t\t\t<h3 class=\"elementor-heading-title elementor-size-default\">\u00dcber Smeding<\/h3>\t\t\t\t<\/div>\n\t\t\t\t<\/div>\n\t\t\t\t<div class=\"elementor-element elementor-element-258f2a2 elementor-widget elementor-widget-heading\" data-id=\"258f2a2\" data-element_type=\"widget\" data-e-type=\"widget\" data-widget_type=\"heading.default\">\n\t\t\t\t<div class=\"elementor-widget-container\">\n\t\t\t\t\t<h1 class=\"elementor-heading-title elementor-size-default\">Zertifizierungen<\/h1>\t\t\t\t<\/div>\n\t\t\t\t<\/div>\n\t\t\t\t<div class=\"elementor-element elementor-element-f672980 elementor-widget elementor-widget-heading\" data-id=\"f672980\" data-element_type=\"widget\" data-e-type=\"widget\" data-widget_type=\"heading.default\">\n\t\t\t\t<div class=\"elementor-widget-container\">\n\t\t\t\t\t<h4 class=\"elementor-heading-title elementor-size-default\">T\u00e4glich stellen wir sicher, dass der Kunde erh\u00e4lt, was er ben\u00f6tigt. Wir k\u00f6nnen uns auf unsere Erzeuger und unsere Mitarbeiter verlassen, und dadurch kann sich der Kunde auf Smeding Groenten en Fruit verlassen. Wir w\u00e4hlen unsere Erzeuger und Lieferanten sorgf\u00e4ltig aus; wir arbeiten nur mit denjenigen zusammen, die im Besitz von GFSI-anerkannten Zertifikaten sind. Diese verschiedenen Zertifizierungen garantieren die Qualit\u00e4t unserer Produkte, Dienstleistungen, Gesch\u00e4ftsf\u00fchrung und Prozesse.   <\/h4>\t\t\t\t<\/div>\n\t\t\t\t<\/div>\n\t\t\t\t\t<\/div>\n\t\t<\/div>\n\t\t\t\t\t<\/div>\n\t\t<\/section>\n\t\t\t\t<section class=\"elementor-section elementor-top-section elementor-element elementor-element-ad7c0eb elementor-section-content-middle elementor-section-boxed elementor-section-height-default elementor-section-height-default\" data-id=\"ad7c0eb\" data-element_type=\"section\" data-e-type=\"section\" data-settings=\"{&quot;jet_parallax_layout_list&quot;:[]}\">\n\t\t\t\t\t\t<div class=\"elementor-container elementor-column-gap-default\">\n\t\t\t\t\t<div class=\"elementor-column elementor-col-50 elementor-top-column elementor-element elementor-element-bee1f88\" data-id=\"bee1f88\" data-element_type=\"column\" data-e-type=\"column\">\n\t\t\t<div class=\"elementor-widget-wrap elementor-element-populated\">\n\t\t\t\t\t\t<div class=\"elementor-element elementor-element-373880d elementor-widget elementor-widget-heading\" data-id=\"373880d\" data-element_type=\"widget\" data-e-type=\"widget\" data-widget_type=\"heading.default\">\n\t\t\t\t<div class=\"elementor-widget-container\">\n\t\t\t\t\t<h2 class=\"elementor-heading-title elementor-size-default\">Skal<\/h2>\t\t\t\t<\/div>\n\t\t\t\t<\/div>\n\t\t\t\t<div class=\"elementor-element elementor-element-c1e49bb elementor-widget elementor-widget-text-editor\" data-id=\"c1e49bb\" data-element_type=\"widget\" data-e-type=\"widget\" data-widget_type=\"text-editor.default\">\n\t\t\t\t<div class=\"elementor-widget-container\">\n\t\t\t\t\t\t\t\t\t<p>Smeding ist Skal-zertifiziert. Mit dieser Zertifizierung d\u00fcrfen wir biologisches Obst und Gem\u00fcse lagern und vertreiben. Skal setzt sich als Aufsichtsbeh\u00f6rde f\u00fcr die nachweisbare Zuverl\u00e4ssigkeit biologischer Produkte in den Niederlanden ein. Ein landwirtschaftliches Produkt oder Lebensmittel darf nur dann als biologisch bezeichnet werden, wenn der Produktionsprozess den gesetzlichen Vorschriften entspricht. Mit dem <a href=\"https:\/\/smeding.nl\/wp-content\/uploads\/2025\/10\/NL-BIO-01.528-0007190.2025.003.pdf\" target=\"_blank\" rel=\"noopener\">Skal-Zertifikat<\/a> von Smeding k\u00f6nnen Sie also sicher sein, dass ein biologisches Produkt auch wirklich biologisch ist!    <\/p>\t\t\t\t\t\t\t\t<\/div>\n\t\t\t\t<\/div>\n\t\t\t\t<div class=\"elementor-element elementor-element-19a238f elementor-widget elementor-widget-image\" data-id=\"19a238f\" data-element_type=\"widget\" data-e-type=\"widget\" data-widget_type=\"image.default\">\n\t\t\t\t<div class=\"elementor-widget-container\">\n\t\t\t\t\t\t\t\t\t\t\t\t\t\t\t<img fetchpriority=\"high\" decoding=\"async\" width=\"800\" height=\"800\" src=\"https:\/\/smeding.nl\/wp-content\/uploads\/2022\/02\/keurmerk-skal.jpg\" class=\"attachment-full size-full wp-image-2250\" alt=\"\" srcset=\"https:\/\/smeding.nl\/wp-content\/uploads\/2022\/02\/keurmerk-skal.jpg 800w, https:\/\/smeding.nl\/wp-content\/uploads\/2022\/02\/keurmerk-skal-300x300.jpg 300w, https:\/\/smeding.nl\/wp-content\/uploads\/2022\/02\/keurmerk-skal-150x150.jpg 150w, https:\/\/smeding.nl\/wp-content\/uploads\/2022\/02\/keurmerk-skal-768x768.jpg 768w\" sizes=\"(max-width: 800px) 100vw, 800px\" \/>\t\t\t\t\t\t\t\t\t\t\t\t\t\t\t<\/div>\n\t\t\t\t<\/div>\n\t\t\t\t\t<\/div>\n\t\t<\/div>\n\t\t\t\t<div class=\"elementor-column elementor-col-50 elementor-top-column elementor-element elementor-element-177c0f3\" data-id=\"177c0f3\" data-element_type=\"column\" data-e-type=\"column\">\n\t\t\t<div class=\"elementor-widget-wrap elementor-element-populated\">\n\t\t\t\t\t\t<div class=\"elementor-element elementor-element-38cf6b3 elementor-widget elementor-widget-image\" data-id=\"38cf6b3\" data-element_type=\"widget\" data-e-type=\"widget\" data-widget_type=\"image.default\">\n\t\t\t\t<div class=\"elementor-widget-container\">\n\t\t\t\t\t\t\t\t\t\t\t\t\t\t\t<img decoding=\"async\" width=\"1440\" height=\"961\" src=\"https:\/\/smeding.nl\/wp-content\/uploads\/2022\/03\/wortels.jpg\" class=\"attachment-full size-full wp-image-2306\" alt=\"\" srcset=\"https:\/\/smeding.nl\/wp-content\/uploads\/2022\/03\/wortels.jpg 1440w, https:\/\/smeding.nl\/wp-content\/uploads\/2022\/03\/wortels-300x200.jpg 300w, https:\/\/smeding.nl\/wp-content\/uploads\/2022\/03\/wortels-1024x683.jpg 1024w, https:\/\/smeding.nl\/wp-content\/uploads\/2022\/03\/wortels-768x513.jpg 768w\" sizes=\"(max-width: 1440px) 100vw, 1440px\" \/>\t\t\t\t\t\t\t\t\t\t\t\t\t\t\t<\/div>\n\t\t\t\t<\/div>\n\t\t\t\t\t<\/div>\n\t\t<\/div>\n\t\t\t\t\t<\/div>\n\t\t<\/section>\n\t\t\t\t<section class=\"elementor-section elementor-top-section elementor-element elementor-element-6655632 elementor-section-content-middle elementor-reverse-mobile elementor-section-boxed elementor-section-height-default elementor-section-height-default\" data-id=\"6655632\" data-element_type=\"section\" data-e-type=\"section\" data-settings=\"{&quot;jet_parallax_layout_list&quot;:[]}\">\n\t\t\t\t\t\t<div class=\"elementor-container elementor-column-gap-default\">\n\t\t\t\t\t<div class=\"elementor-column elementor-col-50 elementor-top-column elementor-element elementor-element-2eda01c\" data-id=\"2eda01c\" data-element_type=\"column\" data-e-type=\"column\">\n\t\t\t<div class=\"elementor-widget-wrap elementor-element-populated\">\n\t\t\t\t\t\t<div class=\"elementor-element elementor-element-53a7a04 elementor-widget elementor-widget-image\" data-id=\"53a7a04\" data-element_type=\"widget\" data-e-type=\"widget\" data-widget_type=\"image.default\">\n\t\t\t\t<div class=\"elementor-widget-container\">\n\t\t\t\t\t\t\t\t\t\t\t\t\t\t\t<img decoding=\"async\" width=\"800\" height=\"534\" src=\"https:\/\/smeding.nl\/wp-content\/uploads\/2022\/03\/distributie-1024x683.jpg\" class=\"attachment-large size-large wp-image-2310\" alt=\"\" srcset=\"https:\/\/smeding.nl\/wp-content\/uploads\/2022\/03\/distributie-1024x683.jpg 1024w, https:\/\/smeding.nl\/wp-content\/uploads\/2022\/03\/distributie-300x200.jpg 300w, https:\/\/smeding.nl\/wp-content\/uploads\/2022\/03\/distributie-768x513.jpg 768w, https:\/\/smeding.nl\/wp-content\/uploads\/2022\/03\/distributie.jpg 1440w\" sizes=\"(max-width: 800px) 100vw, 800px\" \/>\t\t\t\t\t\t\t\t\t\t\t\t\t\t\t<\/div>\n\t\t\t\t<\/div>\n\t\t\t\t\t<\/div>\n\t\t<\/div>\n\t\t\t\t<div class=\"elementor-column elementor-col-50 elementor-top-column elementor-element elementor-element-3591eeb\" data-id=\"3591eeb\" data-element_type=\"column\" data-e-type=\"column\">\n\t\t\t<div class=\"elementor-widget-wrap elementor-element-populated\">\n\t\t\t\t\t\t<div class=\"elementor-element elementor-element-493a009 elementor-widget elementor-widget-heading\" data-id=\"493a009\" data-element_type=\"widget\" data-e-type=\"widget\" data-widget_type=\"heading.default\">\n\t\t\t\t<div class=\"elementor-widget-container\">\n\t\t\t\t\t<h2 class=\"elementor-heading-title elementor-size-default\">BRC S&amp;D<\/h2>\t\t\t\t<\/div>\n\t\t\t\t<\/div>\n\t\t\t\t<div class=\"elementor-element elementor-element-5bfab22 elementor-widget elementor-widget-text-editor\" data-id=\"5bfab22\" data-element_type=\"widget\" data-e-type=\"widget\" data-widget_type=\"text-editor.default\">\n\t\t\t\t<div class=\"elementor-widget-container\">\n\t\t\t\t\t\t\t\t\t<p>Das BRC S&amp;D (Storage and Distribution) Zertifikat gilt f\u00fcr Unternehmen, die die Lagerung und Distribution von Lebensmitteln \u00fcbernehmen. Bei diesem Zertifikat geht es darum, dass wir Obst und Gem\u00fcse in der richtigen Qualit\u00e4t und unter den richtigen Bedingungen erhalten. Und dass wir die Qualit\u00e4t und die Bedingungen bis zur Auslieferung an den Kunden aufrechterhalten. Das BRC S&amp;D Zertifikat belegt, dass Smeding diese Bedingungen erf\u00fcllt.   <\/p><p><a href=\"https:\/\/smeding.nl\/wp-content\/uploads\/2025\/02\/PDF-2025-RC-C523713-BRC.pdf\" target=\"_blank\" rel=\"noopener\">Zertifikat Breda <\/a> <br><a href=\"https:\/\/smeding.nl\/wp-content\/uploads\/2025\/06\/STAP-BRC-SD-20250612-geldig-tot-10-08-2026.pdf\" target=\"_blank\" rel=\"noopener\">Zertifikat Sint Annaparochie<\/a><br><a href=\"https:\/\/smeding.nl\/wp-content\/uploads\/2025\/11\/BRC-SD-certificaat-Smeding-De-Wissel-7-geldig-tot-1-1-2027.pdf\" target=\"_blank\" rel=\"noopener\">Zertifikat Wissel 7<\/a><\/p>\t\t\t\t\t\t\t\t<\/div>\n\t\t\t\t<\/div>\n\t\t\t\t<div class=\"elementor-element elementor-element-79fbc47 elementor-widget elementor-widget-image\" data-id=\"79fbc47\" data-element_type=\"widget\" data-e-type=\"widget\" data-widget_type=\"image.default\">\n\t\t\t\t<div class=\"elementor-widget-container\">\n\t\t\t\t\t\t\t\t\t\t\t\t\t\t\t<img loading=\"lazy\" decoding=\"async\" width=\"800\" height=\"800\" src=\"https:\/\/smeding.nl\/wp-content\/uploads\/2022\/02\/keurmerk-brc.jpg\" class=\"attachment-full size-full wp-image-2238\" alt=\"\" srcset=\"https:\/\/smeding.nl\/wp-content\/uploads\/2022\/02\/keurmerk-brc.jpg 800w, https:\/\/smeding.nl\/wp-content\/uploads\/2022\/02\/keurmerk-brc-300x300.jpg 300w, https:\/\/smeding.nl\/wp-content\/uploads\/2022\/02\/keurmerk-brc-150x150.jpg 150w, https:\/\/smeding.nl\/wp-content\/uploads\/2022\/02\/keurmerk-brc-768x768.jpg 768w\" sizes=\"(max-width: 800px) 100vw, 800px\" \/>\t\t\t\t\t\t\t\t\t\t\t\t\t\t\t<\/div>\n\t\t\t\t<\/div>\n\t\t\t\t\t<\/div>\n\t\t<\/div>\n\t\t\t\t\t<\/div>\n\t\t<\/section>\n\t\t\t\t<section class=\"elementor-section elementor-top-section elementor-element elementor-element-22fbcf3 elementor-section-content-middle elementor-section-boxed elementor-section-height-default elementor-section-height-default\" data-id=\"22fbcf3\" data-element_type=\"section\" data-e-type=\"section\" data-settings=\"{&quot;jet_parallax_layout_list&quot;:[]}\">\n\t\t\t\t\t\t<div class=\"elementor-container elementor-column-gap-default\">\n\t\t\t\t\t<div class=\"elementor-column elementor-col-50 elementor-top-column elementor-element elementor-element-392d6da\" data-id=\"392d6da\" data-element_type=\"column\" data-e-type=\"column\">\n\t\t\t<div class=\"elementor-widget-wrap elementor-element-populated\">\n\t\t\t\t\t\t<div class=\"elementor-element elementor-element-ec77104 elementor-widget elementor-widget-heading\" data-id=\"ec77104\" data-element_type=\"widget\" data-e-type=\"widget\" data-widget_type=\"heading.default\">\n\t\t\t\t<div class=\"elementor-widget-container\">\n\t\t\t\t\t<h2 class=\"elementor-heading-title elementor-size-default\">Fairtrade<\/h2>\t\t\t\t<\/div>\n\t\t\t\t<\/div>\n\t\t\t\t<div class=\"elementor-element elementor-element-c4d5696 elementor-widget elementor-widget-text-editor\" data-id=\"c4d5696\" data-element_type=\"widget\" data-e-type=\"widget\" data-widget_type=\"text-editor.default\">\n\t\t\t\t<div class=\"elementor-widget-container\">\n\t\t\t\t\t\t\t\t\t<p>Smeding ist Fairtrade-zertifiziert, womit wir nachweisen, dass wir unter den Fairtrade-Bedingungen handeln. Fairtrade zielt darauf ab, eine nachhaltige Entwicklung zu f\u00f6rdern und Armut durch faireren Handel zu reduzieren. Sehen Sie <a href=\"https:\/\/smeding.nl\/wp-content\/uploads\/2024\/04\/Fairtrade-Smeding-CERT_Certificate-41013-tm-20-04-2029.pdf\" target=\"_blank\" rel=\"noopener\">hier<\/a> das Fairtrade-Zertifikat.  <\/p>\t\t\t\t\t\t\t\t<\/div>\n\t\t\t\t<\/div>\n\t\t\t\t<div class=\"elementor-element elementor-element-b6c94ee elementor-widget elementor-widget-image\" data-id=\"b6c94ee\" data-element_type=\"widget\" data-e-type=\"widget\" data-widget_type=\"image.default\">\n\t\t\t\t<div class=\"elementor-widget-container\">\n\t\t\t\t\t\t\t\t\t\t\t\t\t\t\t<img loading=\"lazy\" decoding=\"async\" width=\"800\" height=\"800\" src=\"https:\/\/smeding.nl\/wp-content\/uploads\/2022\/02\/keurmerk-fairtrade.jpg\" class=\"attachment-full size-full wp-image-2242\" alt=\"\" srcset=\"https:\/\/smeding.nl\/wp-content\/uploads\/2022\/02\/keurmerk-fairtrade.jpg 800w, https:\/\/smeding.nl\/wp-content\/uploads\/2022\/02\/keurmerk-fairtrade-300x300.jpg 300w, https:\/\/smeding.nl\/wp-content\/uploads\/2022\/02\/keurmerk-fairtrade-150x150.jpg 150w, https:\/\/smeding.nl\/wp-content\/uploads\/2022\/02\/keurmerk-fairtrade-768x768.jpg 768w\" sizes=\"(max-width: 800px) 100vw, 800px\" \/>\t\t\t\t\t\t\t\t\t\t\t\t\t\t\t<\/div>\n\t\t\t\t<\/div>\n\t\t\t\t\t<\/div>\n\t\t<\/div>\n\t\t\t\t<div class=\"elementor-column elementor-col-50 elementor-top-column elementor-element elementor-element-0153f56\" data-id=\"0153f56\" data-element_type=\"column\" data-e-type=\"column\">\n\t\t\t<div class=\"elementor-widget-wrap elementor-element-populated\">\n\t\t\t\t\t\t<div class=\"elementor-element elementor-element-852fcec elementor-widget elementor-widget-image\" data-id=\"852fcec\" data-element_type=\"widget\" data-e-type=\"widget\" data-widget_type=\"image.default\">\n\t\t\t\t<div class=\"elementor-widget-container\">\n\t\t\t\t\t\t\t\t\t\t\t\t\t\t\t<img loading=\"lazy\" decoding=\"async\" width=\"800\" height=\"534\" src=\"https:\/\/smeding.nl\/wp-content\/uploads\/2022\/02\/Mijnboer-teler-Coeur-de-Boeuf2.jpg\" class=\"attachment-full size-full wp-image-2018\" alt=\"\" srcset=\"https:\/\/smeding.nl\/wp-content\/uploads\/2022\/02\/Mijnboer-teler-Coeur-de-Boeuf2.jpg 800w, https:\/\/smeding.nl\/wp-content\/uploads\/2022\/02\/Mijnboer-teler-Coeur-de-Boeuf2-300x200.jpg 300w, https:\/\/smeding.nl\/wp-content\/uploads\/2022\/02\/Mijnboer-teler-Coeur-de-Boeuf2-768x513.jpg 768w\" sizes=\"(max-width: 800px) 100vw, 800px\" \/>\t\t\t\t\t\t\t\t\t\t\t\t\t\t\t<\/div>\n\t\t\t\t<\/div>\n\t\t\t\t\t<\/div>\n\t\t<\/div>\n\t\t\t\t\t<\/div>\n\t\t<\/section>\n\t\t\t\t<section class=\"elementor-section elementor-top-section elementor-element elementor-element-4d6fbfc elementor-section-content-middle elementor-reverse-mobile elementor-section-boxed elementor-section-height-default elementor-section-height-default\" data-id=\"4d6fbfc\" data-element_type=\"section\" data-e-type=\"section\" data-settings=\"{&quot;jet_parallax_layout_list&quot;:[]}\">\n\t\t\t\t\t\t<div class=\"elementor-container elementor-column-gap-default\">\n\t\t\t\t\t<div class=\"elementor-column elementor-col-50 elementor-top-column elementor-element elementor-element-21d6984\" data-id=\"21d6984\" data-element_type=\"column\" data-e-type=\"column\">\n\t\t\t<div class=\"elementor-widget-wrap elementor-element-populated\">\n\t\t\t\t\t\t<div class=\"elementor-element elementor-element-aa94df8 elementor-widget elementor-widget-image\" data-id=\"aa94df8\" data-element_type=\"widget\" data-e-type=\"widget\" data-widget_type=\"image.default\">\n\t\t\t\t<div class=\"elementor-widget-container\">\n\t\t\t\t\t\t\t\t\t\t\t\t\t\t\t<img loading=\"lazy\" decoding=\"async\" width=\"1920\" height=\"1275\" src=\"https:\/\/smeding.nl\/wp-content\/uploads\/2022\/02\/smeding-kam-smaaktest.jpg\" class=\"attachment-full size-full wp-image-2130\" alt=\"\" srcset=\"https:\/\/smeding.nl\/wp-content\/uploads\/2022\/02\/smeding-kam-smaaktest.jpg 1920w, https:\/\/smeding.nl\/wp-content\/uploads\/2022\/02\/smeding-kam-smaaktest-300x199.jpg 300w, https:\/\/smeding.nl\/wp-content\/uploads\/2022\/02\/smeding-kam-smaaktest-1024x680.jpg 1024w, https:\/\/smeding.nl\/wp-content\/uploads\/2022\/02\/smeding-kam-smaaktest-768x510.jpg 768w, https:\/\/smeding.nl\/wp-content\/uploads\/2022\/02\/smeding-kam-smaaktest-1536x1020.jpg 1536w\" sizes=\"(max-width: 1920px) 100vw, 1920px\" \/>\t\t\t\t\t\t\t\t\t\t\t\t\t\t\t<\/div>\n\t\t\t\t<\/div>\n\t\t\t\t\t<\/div>\n\t\t<\/div>\n\t\t\t\t<div class=\"elementor-column elementor-col-50 elementor-top-column elementor-element elementor-element-e93ef5a\" data-id=\"e93ef5a\" data-element_type=\"column\" data-e-type=\"column\">\n\t\t\t<div class=\"elementor-widget-wrap elementor-element-populated\">\n\t\t\t\t\t\t<div class=\"elementor-element elementor-element-766c6aa elementor-widget elementor-widget-heading\" data-id=\"766c6aa\" data-element_type=\"widget\" data-e-type=\"widget\" data-widget_type=\"heading.default\">\n\t\t\t\t<div class=\"elementor-widget-container\">\n\t\t\t\t\t<h2 class=\"elementor-heading-title elementor-size-default\">RIK<\/h2>\t\t\t\t<\/div>\n\t\t\t\t<\/div>\n\t\t\t\t<div class=\"elementor-element elementor-element-b7c5122 elementor-widget elementor-widget-text-editor\" data-id=\"b7c5122\" data-element_type=\"widget\" data-e-type=\"widget\" data-widget_type=\"text-editor.default\">\n\t\t\t\t<div class=\"elementor-widget-container\">\n\t\t\t\t\t\t\t\t\t<p>RIK steht f\u00fcr Reglement Interne Qualit\u00e4tskontrolle. Es geht um die Dokumentation der Qualit\u00e4tsaufzeichnungen f\u00fcr Obst und Gem\u00fcse, f\u00fcr die gesetzliche europ\u00e4ische Qualit\u00e4tsnormen gelten. Smeding verf\u00fcgt \u00fcber gute Kontrollergebnisse. Wir haben auch ein Qualit\u00e4tssicherungssystem f\u00fcr Obst und Gem\u00fcse. Dieses System entspricht dem KCB-Qualit\u00e4tskodex. W\u00e4hrend des j\u00e4hrlichen Audits wird dieses System \u00fcberpr\u00fcft. Sehen Sie <a href=\"https:\/\/smeding.nl\/wp-content\/uploads\/2024\/05\/2024-04-30-RIK-Certificaat-geldig-tot-01-05-2026.pdf\" target=\"_blank\" rel=\"noopener\">hier<\/a> das RIK-Zertifikat.      <\/p>\t\t\t\t\t\t\t\t<\/div>\n\t\t\t\t<\/div>\n\t\t\t\t<div class=\"elementor-element elementor-element-e046bd9 elementor-widget elementor-widget-image\" data-id=\"e046bd9\" data-element_type=\"widget\" data-e-type=\"widget\" data-widget_type=\"image.default\">\n\t\t\t\t<div class=\"elementor-widget-container\">\n\t\t\t\t\t\t\t\t\t\t\t\t\t\t\t<img loading=\"lazy\" decoding=\"async\" width=\"800\" height=\"800\" src=\"https:\/\/smeding.nl\/wp-content\/uploads\/2022\/02\/keurmerk-het-rik.jpg\" class=\"attachment-full size-full wp-image-2246\" alt=\"\" srcset=\"https:\/\/smeding.nl\/wp-content\/uploads\/2022\/02\/keurmerk-het-rik.jpg 800w, https:\/\/smeding.nl\/wp-content\/uploads\/2022\/02\/keurmerk-het-rik-300x300.jpg 300w, https:\/\/smeding.nl\/wp-content\/uploads\/2022\/02\/keurmerk-het-rik-150x150.jpg 150w, https:\/\/smeding.nl\/wp-content\/uploads\/2022\/02\/keurmerk-het-rik-768x768.jpg 768w\" sizes=\"(max-width: 800px) 100vw, 800px\" \/>\t\t\t\t\t\t\t\t\t\t\t\t\t\t\t<\/div>\n\t\t\t\t<\/div>\n\t\t\t\t\t<\/div>\n\t\t<\/div>\n\t\t\t\t\t<\/div>\n\t\t<\/section>\n\t\t\t\t<section class=\"elementor-section elementor-top-section elementor-element elementor-element-521cdca elementor-section-content-middle elementor-section-boxed elementor-section-height-default elementor-section-height-default\" data-id=\"521cdca\" data-element_type=\"section\" data-e-type=\"section\" data-settings=\"{&quot;jet_parallax_layout_list&quot;:[]}\">\n\t\t\t\t\t\t<div class=\"elementor-container elementor-column-gap-default\">\n\t\t\t\t\t<div class=\"elementor-column elementor-col-50 elementor-top-column elementor-element elementor-element-2b9eb1c\" data-id=\"2b9eb1c\" data-element_type=\"column\" data-e-type=\"column\">\n\t\t\t<div class=\"elementor-widget-wrap elementor-element-populated\">\n\t\t\t\t\t\t<div class=\"elementor-element elementor-element-4f123a6 elementor-widget elementor-widget-heading\" data-id=\"4f123a6\" data-element_type=\"widget\" data-e-type=\"widget\" data-widget_type=\"heading.default\">\n\t\t\t\t<div class=\"elementor-widget-container\">\n\t\t\t\t\t<h2 class=\"elementor-heading-title elementor-size-default\">Global G.A.P CoC [Chain of Custody]<\/h2>\t\t\t\t<\/div>\n\t\t\t\t<\/div>\n\t\t\t\t<div class=\"elementor-element elementor-element-4be05e5 elementor-widget__width-initial elementor-widget elementor-widget-text-editor\" data-id=\"4be05e5\" data-element_type=\"widget\" data-e-type=\"widget\" data-widget_type=\"text-editor.default\">\n\t\t\t\t<div class=\"elementor-widget-container\">\n\t\t\t\t\t\t\t\t\t<p>Dieses Zertifikat wurde f\u00fcr Verpackungsbetriebe und H\u00e4ndler in der Lieferkette entwickelt, mit dem Ziel, eine nahtlose R\u00fcckverfolgbarkeit vom Erzeuger bis zum Verbraucher durch eine einzige Reihe von Zertifikaten zu gew\u00e4hrleisten. Dies f\u00fchrt zu mehr Transparenz. <\/p><p>F\u00fcr alle Glieder in der Kette gilt, dass sie Produkte von Unternehmen einkaufen, die nach den Global GAP-Standards zertifiziert sind. Die GGN-Nummer sowohl der Erzeuger als auch der zertifizierten Unternehmen ist wichtig f\u00fcr den Nachweis der Herkunft. <\/p><p><a href=\"https:\/\/smeding.nl\/wp-content\/uploads\/2025\/05\/2025-cert.-Def.-GG-COC.pdf\" target=\"_blank\" rel=\"noopener\">Hier<\/a> k\u00f6nnen Sie die Bescheinigung f\u00fcr Sint Annaparochie, Geldermalsen und Breda einsehen.<\/p>\t\t\t\t\t\t\t\t<\/div>\n\t\t\t\t<\/div>\n\t\t\t\t<div class=\"elementor-element elementor-element-dc23eb5 elementor-widget__width-initial elementor-widget elementor-widget-text-editor\" data-id=\"dc23eb5\" data-element_type=\"widget\" data-e-type=\"widget\" data-widget_type=\"text-editor.default\">\n\t\t\t\t<div class=\"elementor-widget-container\">\n\t\t\t\t\t\t\t\t\t<p><strong>Dieses Zertifikat wurde nun bis zum 19.03.2026 verl\u00e4ngert, vorbehaltlich des Audits, der Bewertung und des Abschlusses.<\/strong><\/p>\t\t\t\t\t\t\t\t<\/div>\n\t\t\t\t<\/div>\n\t\t\t\t<div class=\"elementor-element elementor-element-fe5bf7f elementor-widget elementor-widget-image\" data-id=\"fe5bf7f\" data-element_type=\"widget\" data-e-type=\"widget\" data-widget_type=\"image.default\">\n\t\t\t\t<div class=\"elementor-widget-container\">\n\t\t\t\t\t\t\t\t\t\t\t\t\t\t\t<img loading=\"lazy\" decoding=\"async\" width=\"250\" height=\"215\" src=\"https:\/\/smeding.nl\/wp-content\/uploads\/2023\/11\/Global-GAP-Smeding.jpeg\" class=\"attachment-full size-full wp-image-2386\" alt=\"\" \/>\t\t\t\t\t\t\t\t\t\t\t\t\t\t\t<\/div>\n\t\t\t\t<\/div>\n\t\t\t\t\t<\/div>\n\t\t<\/div>\n\t\t\t\t<div class=\"elementor-column elementor-col-50 elementor-top-column elementor-element elementor-element-547ca9c\" data-id=\"547ca9c\" data-element_type=\"column\" data-e-type=\"column\">\n\t\t\t<div class=\"elementor-widget-wrap elementor-element-populated\">\n\t\t\t\t\t\t<div class=\"elementor-element elementor-element-355dd93 elementor-widget elementor-widget-image\" data-id=\"355dd93\" data-element_type=\"widget\" data-e-type=\"widget\" data-widget_type=\"image.default\">\n\t\t\t\t<div class=\"elementor-widget-container\">\n\t\t\t\t\t\t\t\t\t\t\t\t\t\t\t<img loading=\"lazy\" decoding=\"async\" width=\"1016\" height=\"512\" src=\"https:\/\/smeding.nl\/wp-content\/uploads\/2022\/02\/smeding-assortiment-duurzaam.jpg\" class=\"attachment-full size-full wp-image-2102\" alt=\"\" srcset=\"https:\/\/smeding.nl\/wp-content\/uploads\/2022\/02\/smeding-assortiment-duurzaam.jpg 1016w, https:\/\/smeding.nl\/wp-content\/uploads\/2022\/02\/smeding-assortiment-duurzaam-300x151.jpg 300w, https:\/\/smeding.nl\/wp-content\/uploads\/2022\/02\/smeding-assortiment-duurzaam-768x387.jpg 768w\" sizes=\"(max-width: 1016px) 100vw, 1016px\" \/>\t\t\t\t\t\t\t\t\t\t\t\t\t\t\t<\/div>\n\t\t\t\t<\/div>\n\t\t\t\t\t<\/div>\n\t\t<\/div>\n\t\t\t\t\t<\/div>\n\t\t<\/section>\n\t\t\t\t<\/div>\n\t\t","protected":false},"excerpt":{"rendered":"<p>\u00dcber Smeding Zertifizierungen T\u00e4glich stellen wir sicher, dass der Kunde erh\u00e4lt, was er ben\u00f6tigt. Wir k\u00f6nnen uns auf unsere Erzeuger und unsere Mitarbeiter verlassen, und dadurch kann sich der Kunde auf Smeding Groenten en Fruit verlassen. Wir w\u00e4hlen unsere Erzeuger und Lieferanten sorgf\u00e4ltig aus; wir arbeiten nur mit denjenigen zusammen, die im Besitz von GFSI-anerkannten [&hellip;]<\/p>\n","protected":false},"author":1,"featured_media":0,"parent":2545,"menu_order":0,"comment_status":"closed","ping_status":"closed","template":"","meta":{"_acf_changed":false,"footnotes":""},"class_list":["post-2521","page","type-page","status-publish","hentry"],"acf":[],"_links":{"self":[{"href":"https:\/\/smeding.nl\/de\/wp-json\/wp\/v2\/pages\/2521","targetHints":{"allow":["GET"]}}],"collection":[{"href":"https:\/\/smeding.nl\/de\/wp-json\/wp\/v2\/pages"}],"about":[{"href":"https:\/\/smeding.nl\/de\/wp-json\/wp\/v2\/types\/page"}],"author":[{"embeddable":true,"href":"https:\/\/smeding.nl\/de\/wp-json\/wp\/v2\/users\/1"}],"replies":[{"embeddable":true,"href":"https:\/\/smeding.nl\/de\/wp-json\/wp\/v2\/comments?post=2521"}],"version-history":[{"count":6,"href":"https:\/\/smeding.nl\/de\/wp-json\/wp\/v2\/pages\/2521\/revisions"}],"predecessor-version":[{"id":2947,"href":"https:\/\/smeding.nl\/de\/wp-json\/wp\/v2\/pages\/2521\/revisions\/2947"}],"up":[{"embeddable":true,"href":"https:\/\/smeding.nl\/de\/wp-json\/wp\/v2\/pages\/2545"}],"wp:attachment":[{"href":"https:\/\/smeding.nl\/de\/wp-json\/wp\/v2\/media?parent=2521"}],"curies":[{"name":"wp","href":"https:\/\/api.w.org\/{rel}","templated":true}]}}